{"id":1080,"date":"2016-12-03T20:58:48","date_gmt":"2016-12-03T20:58:48","guid":{"rendered":"http:\/\/ensembleregards.com\/?page_id=1080"},"modified":"2016-12-03T20:58:48","modified_gmt":"2016-12-03T20:58:48","slug":"thibault-lepri","status":"publish","type":"page","link":"https:\/\/ensembleregards.com\/en\/ensemble\/musicians\/thibault-lepri\/","title":{"rendered":"Thibault Lepri"},"content":{"rendered":"<p>Thibault Lepri d\u00e9bute la percussion \u00e0 Grenoble dans la classe d\u2019Isabelle Roche. Apr\u00e8s des \u00e9tudes scientifiques, il s\u2019installe \u00e0 Paris et suit l\u2019enseignement de Nicolas Martynciow puis de Michel Cerutti au CNSMDP, o\u00f9 il obtient son dipl\u00f4me de Master en 2016. Il \u00e9tudie en parall\u00e8le l\u2019\u00e9criture (avec Franck Vaudray, Thibault Perrine puis au CNSMDP avec J.-F. Zygel, P. Pincemaille et T. Escaich),  l\u2019orchestration et l\u2019analyse (avec Anthony Girard au CRR de Paris).<br \/>\nSa curiosit\u00e9 le pousse \u00e0 participer \u00e0 toutes sortes de projets, en particulier de musique de chambre : ainsi, il interpr\u00e8te I. Fedele, G. Aperghis, M. Kagel, L. Berio et G. Ligeti avec l\u2019Ensemble Maja (laur\u00e9at du Concours Musiques d&#8217;Ensemble de la FNAPEC en 2014), mais encore S. Reich, G. Scelsi, A. Adamek, D. Dufour, M. Lindberg avec, entre autres, les ensembles Furians, Links, Regards\u2026 Par ailleurs, pianiste, il se tourne aussi vers la pratique des ondes Martenot et du cymbalum.<br \/>\nLa pratique de l\u2019orchestre symphonique est \u00e9galement une grande passion pour Thibault, que ce soit au sein d\u2019acad\u00e9mies (Lucerne Festival Academy, Gustav Mahler Jugend Orchester), d\u2019orchestres professionnels (Orchestre de Paris, Orchestre National de France, Op\u00e9ra National de Paris) ou de formations ind\u00e9pendantes (Furians, Les Forces Majeures, Les Concerts de Poche). C\u2019est ainsi qu\u2019il joue sous la baguette de Riccardo Chailly, Sir Simon Rattle, Daniele Gatti, Esa-Pekka Salonen, Emmanuel Krivine, David Robertson, Christoph Eschenbach\u2026<br \/>\nThibault est aussi l\u2019auteur d\u2019arrangements aux styles et formations instrumentales divers : chansons de vari\u00e9t\u00e9, musiques de film, transcriptions pour percussions\u2026 ou encore orchestrations de musiques de jeux vid\u00e9o, lesquelles sont interpr\u00e9t\u00e9es par l\u2019orchestre symphonique Pixelophonia dont Thibault est co-fondateur et percussionniste. En outre, Thibault a d\u00e9j\u00e0 quelques compositions, notamment un Moto perpetuo d\u00e9di\u00e9 au Maes-Trio dans le cadre du Festival Jeunes Talents.<\/p>","protected":false},"excerpt":{"rendered":"<p>Thibault Lepri d\u00e9bute la percussion \u00e0 Grenoble dans la classe d\u2019Isabelle Roche. Apr\u00e8s des \u00e9tudes scientifiques, il s\u2019installe \u00e0 Paris et suit l\u2019enseignement de Nicolas Martynciow puis de Michel Cerutti au CNSMDP, o\u00f9 il obtient son dipl\u00f4me de Master en 2016. Il \u00e9tudie en parall\u00e8le l\u2019\u00e9criture (avec Franck Vaudray, Thibault Perrine puis au CNSMDP avec<\/p>\n<div><a class=\"btn-filled btn\" href=\"https:\/\/ensembleregards.com\/en\/ensemble\/musicians\/thibault-lepri\/\" title=\"Thibault Lepri\">Read More<\/a><\/div>\n","protected":false},"author":5,"featured_media":0,"parent":34,"menu_order":0,"comment_status":"closed","ping_status":"closed","template":"","meta":{"om_disable_all_campaigns":false,"_monsterinsights_skip_tracking":false,"_monsterinsights_sitenote_active":false,"_monsterinsights_sitenote_note":"","_monsterinsights_sitenote_category":0},"aioseo_notices":[],"_links":{"self":[{"href":"https:\/\/ensembleregards.com\/en\/wp-json\/wp\/v2\/pages\/1080"}],"collection":[{"href":"https:\/\/ensembleregards.com\/en\/wp-json\/wp\/v2\/pages"}],"about":[{"href":"https:\/\/ensembleregards.com\/en\/wp-json\/wp\/v2\/types\/page"}],"author":[{"embeddable":true,"href":"https:\/\/ensembleregards.com\/en\/wp-json\/wp\/v2\/users\/5"}],"replies":[{"embeddable":true,"href":"https:\/\/ensembleregards.com\/en\/wp-json\/wp\/v2\/comments?post=1080"}],"version-history":[{"count":1,"href":"https:\/\/ensembleregards.com\/en\/wp-json\/wp\/v2\/pages\/1080\/revisions"}],"predecessor-version":[{"id":1081,"href":"https:\/\/ensembleregards.com\/en\/wp-json\/wp\/v2\/pages\/1080\/revisions\/1081"}],"up":[{"embeddable":true,"href":"https:\/\/ensembleregards.com\/en\/wp-json\/wp\/v2\/pages\/34"}],"wp:attachment":[{"href":"https:\/\/ensembleregards.com\/en\/wp-json\/wp\/v2\/media?parent=1080"}],"curies":[{"name":"wp","href":"https:\/\/api.w.org\/{rel}","templated":true}]}}