{"id":1148,"date":"2016-12-04T00:54:08","date_gmt":"2016-12-04T00:54:08","guid":{"rendered":"http:\/\/ensembleregards.com\/?page_id=1148"},"modified":"2017-03-03T09:24:22","modified_gmt":"2017-03-03T09:24:22","slug":"mai-ishiwata","status":"publish","type":"page","link":"https:\/\/ensembleregards.com\/en\/collaborations\/mai-ishiwata\/","title":{"rendered":"Mai Ishiwata"},"content":{"rendered":"<p><img loading=\"lazy\" class=\"alignleft size-medium wp-image-1153\" src=\"https:\/\/ensembleregards.com\/wp-content\/uploads\/2016\/12\/MaiIshiwata-300x200.jpg\" alt=\"maiishiwata\" width=\"300\" height=\"200\" srcset=\"https:\/\/ensembleregards.com\/wp-content\/uploads\/2016\/12\/MaiIshiwata-300x200.jpg 300w, https:\/\/ensembleregards.com\/wp-content\/uploads\/2016\/12\/MaiIshiwata-100x67.jpg 100w, https:\/\/ensembleregards.com\/wp-content\/uploads\/2016\/12\/MaiIshiwata-150x100.jpg 150w, https:\/\/ensembleregards.com\/wp-content\/uploads\/2016\/12\/MaiIshiwata-200x133.jpg 200w, https:\/\/ensembleregards.com\/wp-content\/uploads\/2016\/12\/MaiIshiwata.jpg 375w\" sizes=\"(max-width: 300px) 100vw, 300px\" \/>Japonaise vivant en France, Mai Ishiwata a fait ses \u00e9tudes au Conservatoire National Sup\u00e9rieur de Paris. Au terme de ses \u00e9tudes, elle commence avec la compagnie les Passagers sp\u00e9cialis\u00e9e dans les spectacles de rue et dans la danse verticale.<\/p>\n<p>En 2011, elle rejoint en tant qu\u2019interpr\u00e8te la compagnie Traction dirig\u00e9e par Claire Durand-Drouhin dont les cr\u00e9ations l\u2019implique aux c\u00f4t\u00e9s de r\u00e9sidents de l\u2019h\u00f4pital psychiatrique de Limoges. En 2014, C\u00e9cile Loyer \u2013 compagnie C.Loy l&#8217;invite \u00e0 la cr\u00e9ation d&#8217;Une pi\u00e8ce manquante. Depuis, elle participe \u00e0 plusieurs projets avec son \u00e9quipe jusqu&#8217;\u00e0 aujourd&#8217;hui.<\/p>\n<p>Parall\u00e8lement \u00e0 ce parcours, elle rencontre le but\u00f4 \u00e0 travers Ko Murobushi et Carlotta Ikeda qui dirige la compagnie Ariadone  qu\u2019elle int\u00e8gre en 2010. Actuellement, elle danse \u00ab\u00a0Utt\u00a0\u00bb, solo originellement chor\u00e9graphi\u00e9 par Ko Murobushi pour Carlotta Ikeda et collabore avec la compagnie Medulla \u2013 Naomi Mutoh et Laurent Paris sur leur nouvelle cr\u00e9ation Le grand luminaire.<br \/>\nCette collaboration qui  r\u00e9unit trois g\u00e9n\u00e9rations diff\u00e9rentes  d\u2019anciennes danseuses de la compagnie Ariadone, n\u2019emp\u00eache pas Mai Ishiwata de rester impliqu\u00e9e aupr\u00e8s de chor\u00e9graphes  contemporains tels que Philippe M\u00e9nard, Ashley Chen.<\/p>\n<p><iframe loading=\"lazy\" src=\"https:\/\/www.youtube.com\/embed\/LAtY7dSktd4\" width=\"560\" height=\"315\" frameborder=\"0\" allowfullscreen=\"allowfullscreen\"><\/iframe><\/p>\n","protected":false},"excerpt":{"rendered":"<p>Japonaise vivant en France, Mai Ishiwata a fait ses \u00e9tudes au Conservatoire National Sup\u00e9rieur de Paris. Au terme de ses \u00e9tudes, elle commence avec la compagnie les Passagers sp\u00e9cialis\u00e9e dans les spectacles de rue et dans la danse verticale. En 2011, elle rejoint en tant qu\u2019interpr\u00e8te la compagnie Traction dirig\u00e9e par Claire Durand-Drouhin dont les<\/p>\n<div><a class=\"btn-filled btn\" href=\"https:\/\/ensembleregards.com\/en\/collaborations\/mai-ishiwata\/\" title=\"Mai Ishiwata\">Read More<\/a><\/div>\n","protected":false},"author":5,"featured_media":0,"parent":1042,"menu_order":0,"comment_status":"closed","ping_status":"closed","template":"","meta":{"om_disable_all_campaigns":false,"_monsterinsights_skip_tracking":false,"_monsterinsights_sitenote_active":false,"_monsterinsights_sitenote_note":"","_monsterinsights_sitenote_category":0},"aioseo_notices":[],"_links":{"self":[{"href":"https:\/\/ensembleregards.com\/en\/wp-json\/wp\/v2\/pages\/1148"}],"collection":[{"href":"https:\/\/ensembleregards.com\/en\/wp-json\/wp\/v2\/pages"}],"about":[{"href":"https:\/\/ensembleregards.com\/en\/wp-json\/wp\/v2\/types\/page"}],"author":[{"embeddable":true,"href":"https:\/\/ensembleregards.com\/en\/wp-json\/wp\/v2\/users\/5"}],"replies":[{"embeddable":true,"href":"https:\/\/ensembleregards.com\/en\/wp-json\/wp\/v2\/comments?post=1148"}],"version-history":[{"count":5,"href":"https:\/\/ensembleregards.com\/en\/wp-json\/wp\/v2\/pages\/1148\/revisions"}],"predecessor-version":[{"id":1183,"href":"https:\/\/ensembleregards.com\/en\/wp-json\/wp\/v2\/pages\/1148\/revisions\/1183"}],"up":[{"embeddable":true,"href":"https:\/\/ensembleregards.com\/en\/wp-json\/wp\/v2\/pages\/1042"}],"wp:attachment":[{"href":"https:\/\/ensembleregards.com\/en\/wp-json\/wp\/v2\/media?parent=1148"}],"curies":[{"name":"wp","href":"https:\/\/api.w.org\/{rel}","templated":true}]}}