{"id":1247,"date":"2017-09-15T05:39:48","date_gmt":"2017-09-15T05:39:48","guid":{"rendered":"http:\/\/ensembleregards.com\/?page_id=1247"},"modified":"2017-09-15T05:40:00","modified_gmt":"2017-09-15T05:40:00","slug":"jean-etienne-sotty","status":"publish","type":"page","link":"https:\/\/ensembleregards.com\/en\/ensemble\/musicians\/jean-etienne-sotty\/","title":{"rendered":"Jean-Etienne Sotty"},"content":{"rendered":"<p><img loading=\"lazy\" class=\"alignleft size-medium wp-image-1248\" src=\"https:\/\/ensembleregards.com\/wp-content\/uploads\/2017\/09\/Jean_Etienne_SOTTYjpg-300x300.jpg\" alt=\"\" width=\"300\" height=\"300\" srcset=\"https:\/\/ensembleregards.com\/wp-content\/uploads\/2017\/09\/Jean_Etienne_SOTTYjpg-300x300.jpg 300w, https:\/\/ensembleregards.com\/wp-content\/uploads\/2017\/09\/Jean_Etienne_SOTTYjpg-150x150.jpg 150w, https:\/\/ensembleregards.com\/wp-content\/uploads\/2017\/09\/Jean_Etienne_SOTTYjpg-768x768.jpg 768w, https:\/\/ensembleregards.com\/wp-content\/uploads\/2017\/09\/Jean_Etienne_SOTTYjpg-1024x1024.jpg 1024w, https:\/\/ensembleregards.com\/wp-content\/uploads\/2017\/09\/Jean_Etienne_SOTTYjpg-75x75.jpg 75w, https:\/\/ensembleregards.com\/wp-content\/uploads\/2017\/09\/Jean_Etienne_SOTTYjpg-400x400.jpg 400w, https:\/\/ensembleregards.com\/wp-content\/uploads\/2017\/09\/Jean_Etienne_SOTTYjpg-144x144.jpg 144w, https:\/\/ensembleregards.com\/wp-content\/uploads\/2017\/09\/Jean_Etienne_SOTTYjpg-100x100.jpg 100w\" sizes=\"(max-width: 300px) 100vw, 300px\" \/><\/p>\n<p>N\u00e9 en France en 1988, Jean-Etienne Sotty a \u00e9tudi\u00e9 l&#8217;accord\u00e9on et la musicologie avec les professeurs les plus\u00a0distingu\u00e9s : Philippe Bourlois, Teodoro Anzellotti (accord\u00e9on), Kai K\u00f6pp (recherche en interpr\u00e9tation), entre\u00a0autres. Il obtient son Master of Music Performance \u00e0 la HKB de Bern (Suisse) puis \u00e9tudie en 3e cycle sup\u00e9rieur au\u00a0CNSMDP (Paris) dans le cadre du Dipl\u00f4me d&#8217;Artiste Interpr\u00e8te R\u00e9pertoire Contemporain et Cr\u00e9ation. La m\u00eame\u00a0ann\u00e9e, il est re\u00e7u au concours de l&#8217;agr\u00e9gation de musique, puis il entame une recherche sur l&#8217;accord\u00e9on augment\u00e9 dans le cadre du Doctorat Musique Recherche et Pratique du CNSMDP\/La Sorbonne.<\/p>\n<p>Il a \u00e9t\u00e9 invit\u00e9 sur les grandes sc\u00e8nes europ\u00e9ennes : Konzerthaus (Wien), Th\u00e9\u00e2tre du Ch\u00e2telet, KKL de Lucerne, Festival Kurt Weill de Dessau, Les Subsistances (Lyon), Centre George\u00a0Pompidou\/IRCAM, Sadler&#8217;s Wells (Londres)&#8230; La musique contemporaine, le travail avec les compositeurs, l&#8217;improvisation, le th\u00e9\u00e2tre\u00a0musical, sont ses priorit\u00e9s. \u00c0 chaque concert il veut transmettre cette passion \u00e0 son public. Cet engagement lui\u00a0vaut le soutien du M\u00e9c\u00e9nat Musical Soci\u00e9t\u00e9 G\u00e9n\u00e9rale. Au sein du\u00a0duo XAMP d\u00e9di\u00e9 \u00e0 la cr\u00e9ation qu&#8217;il forme avec Fanny Vicens, il participe \u00e0 la r\u00e9alisation du premier accord\u00e9on\u00a0microtonal en France.<\/p>\n<p><a href=\"http:\/\/jesotty.wixsite.com\/jeanetienne-sotty\" target=\"_blank\">http:\/\/jesotty.wixsite.com\/jeanetienne-sotty<\/a><\/p>\n","protected":false},"excerpt":{"rendered":"<p>N\u00e9 en France en 1988, Jean-Etienne Sotty a \u00e9tudi\u00e9 l&#8217;accord\u00e9on et la musicologie avec les professeurs les plus\u00a0distingu\u00e9s : Philippe Bourlois, Teodoro Anzellotti (accord\u00e9on), Kai K\u00f6pp (recherche en interpr\u00e9tation), entre\u00a0autres. Il obtient son Master of Music Performance \u00e0 la HKB de Bern (Suisse) puis \u00e9tudie en 3e cycle sup\u00e9rieur au\u00a0CNSMDP (Paris) dans le cadre du<\/p>\n<div><a class=\"btn-filled btn\" href=\"https:\/\/ensembleregards.com\/en\/ensemble\/musicians\/jean-etienne-sotty\/\" title=\"Jean-Etienne Sotty\">Read More<\/a><\/div>\n","protected":false},"author":5,"featured_media":0,"parent":34,"menu_order":0,"comment_status":"closed","ping_status":"closed","template":"","meta":{"om_disable_all_campaigns":false,"_monsterinsights_skip_tracking":false,"_monsterinsights_sitenote_active":false,"_monsterinsights_sitenote_note":"","_monsterinsights_sitenote_category":0},"aioseo_notices":[],"_links":{"self":[{"href":"https:\/\/ensembleregards.com\/en\/wp-json\/wp\/v2\/pages\/1247"}],"collection":[{"href":"https:\/\/ensembleregards.com\/en\/wp-json\/wp\/v2\/pages"}],"about":[{"href":"https:\/\/ensembleregards.com\/en\/wp-json\/wp\/v2\/types\/page"}],"author":[{"embeddable":true,"href":"https:\/\/ensembleregards.com\/en\/wp-json\/wp\/v2\/users\/5"}],"replies":[{"embeddable":true,"href":"https:\/\/ensembleregards.com\/en\/wp-json\/wp\/v2\/comments?post=1247"}],"version-history":[{"count":1,"href":"https:\/\/ensembleregards.com\/en\/wp-json\/wp\/v2\/pages\/1247\/revisions"}],"predecessor-version":[{"id":1251,"href":"https:\/\/ensembleregards.com\/en\/wp-json\/wp\/v2\/pages\/1247\/revisions\/1251"}],"up":[{"embeddable":true,"href":"https:\/\/ensembleregards.com\/en\/wp-json\/wp\/v2\/pages\/34"}],"wp:attachment":[{"href":"https:\/\/ensembleregards.com\/en\/wp-json\/wp\/v2\/media?parent=1247"}],"curies":[{"name":"wp","href":"https:\/\/api.w.org\/{rel}","templated":true}]}}