{"id":131,"date":"2014-09-10T17:25:22","date_gmt":"2014-09-10T17:25:22","guid":{"rendered":"http:\/\/ensembleregards.com\/en\/?page_id=131"},"modified":"2021-11-09T22:22:14","modified_gmt":"2021-11-09T22:22:14","slug":"partenaires","status":"publish","type":"page","link":"https:\/\/ensembleregards.com\/en\/partenariats\/","title":{"rendered":"Partenariats"},"content":{"rendered":"<p><strong><a href=\"http:\/\/institutluther.com\" target=\"_blank\">Institut Martin Luther<\/a><\/strong><\/p>\n<p><strong><a href=\"http:\/\/www.agglo-pau.fr\" target=\"_blank\">Pau-Pyr\u00e9n\u00e9es Agglom\u00e9ration<\/a><\/strong><\/p>\n<p><strong><a href=\"http:\/\/www.noisylesec.net\/index.php?id_rub=home\" target=\"_blank\">Ville de Noisy-le-Sec<\/a><\/strong><\/p>\n<p><strong><a title=\"http:\/\/www.cidma.asso.fr\/\" href=\"http:\/\/www.cidma.asso.fr\/\" target=\"_blank\">Cr\u00e9ation Ing\u00e9nierie Diffusion des Musiques d&#8217;Aujourd&#8217;hui<\/a><\/strong><\/p>\n<hr \/>\n<p>l&#8217;Ensemble Regards est soutenu par la <strong><a href=\"https:\/\/www.sacem.fr\" target=\"_blank\">SACEM<\/a><\/strong><\/p>\n<p><a href=\"https:\/\/www.sacem.fr\/\"><img loading=\"lazy\" class=\"alignleft size-medium wp-image-973\" src=\"https:\/\/ensembleregards.com\/wp-content\/uploads\/2014\/09\/Sacem_logo_vertical_CMJN-300x167.jpg\" alt=\"Sacem_logo_vertical_CMJN\" width=\"300\" height=\"167\" srcset=\"https:\/\/ensembleregards.com\/wp-content\/uploads\/2014\/09\/Sacem_logo_vertical_CMJN-300x167.jpg 300w, https:\/\/ensembleregards.com\/wp-content\/uploads\/2014\/09\/Sacem_logo_vertical_CMJN-768x427.jpg 768w, https:\/\/ensembleregards.com\/wp-content\/uploads\/2014\/09\/Sacem_logo_vertical_CMJN-1024x570.jpg 1024w, https:\/\/ensembleregards.com\/wp-content\/uploads\/2014\/09\/Sacem_logo_vertical_CMJN-400x223.jpg 400w, https:\/\/ensembleregards.com\/wp-content\/uploads\/2014\/09\/Sacem_logo_vertical_CMJN-100x56.jpg 100w, https:\/\/ensembleregards.com\/wp-content\/uploads\/2014\/09\/Sacem_logo_vertical_CMJN-150x83.jpg 150w, https:\/\/ensembleregards.com\/wp-content\/uploads\/2014\/09\/Sacem_logo_vertical_CMJN-200x111.jpg 200w, https:\/\/ensembleregards.com\/wp-content\/uploads\/2014\/09\/Sacem_logo_vertical_CMJN-450x250.jpg 450w, https:\/\/ensembleregards.com\/wp-content\/uploads\/2014\/09\/Sacem_logo_vertical_CMJN-600x334.jpg 600w, https:\/\/ensembleregards.com\/wp-content\/uploads\/2014\/09\/Sacem_logo_vertical_CMJN-900x501.jpg 900w, https:\/\/ensembleregards.com\/wp-content\/uploads\/2014\/09\/Sacem_logo_vertical_CMJN.jpg 1186w\" sizes=\"(max-width: 300px) 100vw, 300px\" \/><\/a><\/p>\n<p>&nbsp;<\/p>\n<p>&nbsp;<\/p>\n<p>&nbsp;<\/p>\n<p>&nbsp;<\/p>\n<p>&nbsp;<\/p>\n<p>&nbsp;<\/p>\n<p>&nbsp;<\/p>\n<p>&nbsp;<\/p>\n<p>&nbsp;<\/p>\n<p>&nbsp;<\/p>\n<p>&nbsp;<\/p>\n<p>&nbsp;<\/p>\n<p>&nbsp;<\/p>\n<p>&nbsp;<\/p>\n<p>&nbsp;<\/p>\n<p>&nbsp;<\/p>\n<p>&nbsp;<\/p>\n<p>&nbsp;<\/p>\n<p>&nbsp;<\/p>","protected":false},"excerpt":{"rendered":"<p>Institut Martin Luther Pau-Pyr\u00e9n\u00e9es Agglom\u00e9ration Ville de Noisy-le-Sec Cr\u00e9ation Ing\u00e9nierie Diffusion des Musiques d&#8217;Aujourd&#8217;hui l&#8217;Ensemble Regards est soutenu par la SACEM &nbsp; &nbsp; &nbsp; &nbsp; &nbsp; &nbsp; &nbsp; &nbsp; &nbsp; &nbsp; &nbsp; &nbsp; &nbsp; &nbsp; &nbsp; &nbsp; &nbsp; &nbsp; &nbsp;<\/p>\n","protected":false},"author":5,"featured_media":0,"parent":0,"menu_order":9,"comment_status":"closed","ping_status":"closed","template":"","meta":{"om_disable_all_campaigns":false,"_monsterinsights_skip_tracking":false,"_monsterinsights_sitenote_active":false,"_monsterinsights_sitenote_note":"","_monsterinsights_sitenote_category":0},"aioseo_notices":[],"_links":{"self":[{"href":"https:\/\/ensembleregards.com\/en\/wp-json\/wp\/v2\/pages\/131"}],"collection":[{"href":"https:\/\/ensembleregards.com\/en\/wp-json\/wp\/v2\/pages"}],"about":[{"href":"https:\/\/ensembleregards.com\/en\/wp-json\/wp\/v2\/types\/page"}],"author":[{"embeddable":true,"href":"https:\/\/ensembleregards.com\/en\/wp-json\/wp\/v2\/users\/5"}],"replies":[{"embeddable":true,"href":"https:\/\/ensembleregards.com\/en\/wp-json\/wp\/v2\/comments?post=131"}],"version-history":[{"count":34,"href":"https:\/\/ensembleregards.com\/en\/wp-json\/wp\/v2\/pages\/131\/revisions"}],"predecessor-version":[{"id":1470,"href":"https:\/\/ensembleregards.com\/en\/wp-json\/wp\/v2\/pages\/131\/revisions\/1470"}],"wp:attachment":[{"href":"https:\/\/ensembleregards.com\/en\/wp-json\/wp\/v2\/media?parent=131"}],"curies":[{"name":"wp","href":"https:\/\/api.w.org\/{rel}","templated":true}]}}