{"id":299,"date":"2014-09-15T20:31:20","date_gmt":"2014-09-15T20:31:20","guid":{"rendered":"http:\/\/ensembleregards.com\/en\/?page_id=299"},"modified":"2014-11-24T14:02:33","modified_gmt":"2014-11-24T14:02:33","slug":"irene-lecoq","status":"publish","type":"page","link":"https:\/\/ensembleregards.com\/en\/ensemble\/musicians\/irene-lecoq\/","title":{"rendered":"Ir\u00e8ne Lecoq"},"content":{"rendered":"<p>La violoniste Ir\u00e8ne LECOQ fait partie de la g\u00e9n\u00e9ration de musiciens classiques form\u00e9s au langage contemporain et \u00e0 l\u2019improvisation au CNSM de Paris o\u00f9 elle obtient en 2002 le 1er prix dans la classe d\u2019improvisation g\u00e9n\u00e9rative de Alain SAVOURET<\/p>\n<p>Le jeu et la personnalit\u00e9 qu\u2019elle a su d\u00e9velopper l\u2019ont amen\u00e9e \u00e0 rejoindre en 2003 le Quatuor \u00e0 cordes IXI jusqu\u2019en 2012 et donner de nombreuses repr\u00e9sentations en France et \u00e0 l\u2019\u00e9tranger.<\/p>\n<p>Elle fait de nombreux concerts en solo ou en ensemble aux c\u00f4t\u00e9s de Sophie Agnel (piano), H\u00e9l\u00e8ne Breschand (harpe), Dgiz (slam), Wilfried Wendling (\u00e9lectronique), Didier Petit (violoncelle), Joachim K\u00fchn (piano), Pablo Cueco (zarb), Hasse Poulsen (guitare), Roland Pinsard (clarinettes), Henri Tournier (flutes), Guillaume Orti (saxophones), \u2026<\/p>\n<p>Ir\u00e8ne Lecoq est \u00e0 l\u2019initiative de plusieurs projets purement musicaux. Elle se sp\u00e9cialise \u00e9galement dans le m\u00e9lange des arts, elle se produit avec la danse, le th\u00e9\u00e2tre, le mime corporel, la peinture, la litt\u00e9rature, le conte<\/p>\n<p>C\u2019est naturellement qu\u2019elle se penche sur l\u2019\u00e9criture de pi\u00e8ces p\u00e9dagogiques issue du geste improvis\u00e9 (d\u2019abord \u00e9dit\u00e9e chez Fuzeau, elle est maintenant \u00e9dit\u00e9e aux Editions Da Camera)<\/p>\n<p>Ir\u00e8ne Lecoq forme les enseignants des conservatoires \u00e0 l\u2019improvisation libre dans le cadre de formations professionnelles organis\u00e9es par les conservatoires, Cefedem, ADIAM, ADDM, Conseils G\u00e9n\u00e9raux, CNFPT\u2026 Elle anime de nombreuses master class autour de l\u2019improvisation dans le cadre de concerts donn\u00e9s en France, \u00e0 l\u2019\u00e9tranger<\/p>\n<p>Depuis 2001, Ir\u00e8ne Lecoq enseigne le violon et l\u2019improvisation au Conservatoire Municipal d\u2019Ivry sur Seine (94)<\/p>\n<p><a href=\"http:\/\/www.editions-dacamera.com\/?project=irene-lecoq\" title=\"http:\/\/www.editions-dacamera.com\/?project=irene-lecoq\" target=\"_blank\">http:\/\/www.editions-dacamera.com\/?project=irene-lecoq<\/a><\/p>","protected":false},"excerpt":{"rendered":"<p>La violoniste Ir\u00e8ne LECOQ fait partie de la g\u00e9n\u00e9ration de musiciens classiques form\u00e9s au langage contemporain et \u00e0 l\u2019improvisation au CNSM de Paris o\u00f9 elle obtient en 2002 le 1er prix dans la classe d\u2019improvisation g\u00e9n\u00e9rative de Alain SAVOURET Le jeu et la personnalit\u00e9 qu\u2019elle a su d\u00e9velopper l\u2019ont amen\u00e9e \u00e0 rejoindre en 2003 le<\/p>\n<div><a class=\"btn-filled btn\" href=\"https:\/\/ensembleregards.com\/en\/ensemble\/musicians\/irene-lecoq\/\" title=\"Ir\u00e8ne Lecoq\">Read More<\/a><\/div>\n","protected":false},"author":5,"featured_media":0,"parent":34,"menu_order":31,"comment_status":"closed","ping_status":"closed","template":"","meta":{"om_disable_all_campaigns":false,"_monsterinsights_skip_tracking":false,"_monsterinsights_sitenote_active":false,"_monsterinsights_sitenote_note":"","_monsterinsights_sitenote_category":0},"aioseo_notices":[],"_links":{"self":[{"href":"https:\/\/ensembleregards.com\/en\/wp-json\/wp\/v2\/pages\/299"}],"collection":[{"href":"https:\/\/ensembleregards.com\/en\/wp-json\/wp\/v2\/pages"}],"about":[{"href":"https:\/\/ensembleregards.com\/en\/wp-json\/wp\/v2\/types\/page"}],"author":[{"embeddable":true,"href":"https:\/\/ensembleregards.com\/en\/wp-json\/wp\/v2\/users\/5"}],"replies":[{"embeddable":true,"href":"https:\/\/ensembleregards.com\/en\/wp-json\/wp\/v2\/comments?post=299"}],"version-history":[{"count":3,"href":"https:\/\/ensembleregards.com\/en\/wp-json\/wp\/v2\/pages\/299\/revisions"}],"predecessor-version":[{"id":302,"href":"https:\/\/ensembleregards.com\/en\/wp-json\/wp\/v2\/pages\/299\/revisions\/302"}],"up":[{"embeddable":true,"href":"https:\/\/ensembleregards.com\/en\/wp-json\/wp\/v2\/pages\/34"}],"wp:attachment":[{"href":"https:\/\/ensembleregards.com\/en\/wp-json\/wp\/v2\/media?parent=299"}],"curies":[{"name":"wp","href":"https:\/\/api.w.org\/{rel}","templated":true}]}}