{"id":34,"date":"2014-09-03T21:58:38","date_gmt":"2014-09-03T21:58:38","guid":{"rendered":"http:\/\/ensembleregards.com\/?page_id=34&#038;lang=en"},"modified":"2017-09-15T05:43:56","modified_gmt":"2017-09-15T05:43:56","slug":"musiciens","status":"publish","type":"page","link":"https:\/\/ensembleregards.com\/en\/ensemble\/musicians\/","title":{"rendered":"Musicians"},"content":{"rendered":"<p><img loading=\"lazy\" class=\"alignleft\" src=\"https:\/\/ensembleregards.com\/wp-content\/uploads\/2014\/09\/Julien-B%C3%A9n%C3%A9teau-150x150.png\" alt=\"\" width=\"150\" height=\"150\" \/><\/p>\n<p>&nbsp;<\/p>\n<p>&nbsp;<\/p>\n<p><a title=\"http:\/\/ensembleregards.com\/ensemble\/musiciens\/julien-beneteau\/\" href=\"http:\/\/ensembleregards.com\/ensemble\/musiciens\/julien-beneteau\/\">Julien B\u00e9n\u00e9teau<\/a> &#8211; Music Director<\/p>\n<p>&nbsp;<\/p>\n<p>&nbsp;<\/p>\n<hr \/>\n<p><img loading=\"lazy\" class=\"alignleft\" src=\"https:\/\/ensembleregards.com\/wp-content\/uploads\/2015\/01\/Am%C3%A9lie-Feihl-150x150.jpg\" alt=\"\" width=\"150\" height=\"150\" \/><\/p>\n<p>&nbsp;<\/p>\n<p>&nbsp;<\/p>\n<p><a title=\"http:\/\/ensembleregards.com\/ensemble\/musiciens\/amelie-feihl\/\" href=\"http:\/\/ensembleregards.com\/ensemble\/musiciens\/amelie-feihl\/\">Am\u00e9lie Feihl<\/a> &#8211; Flute<\/p>\n<p>&nbsp;<\/p>\n<p>&nbsp;<\/p>\n<p><img loading=\"lazy\" class=\"alignleft\" src=\"https:\/\/ensembleregards.com\/wp-content\/uploads\/2014\/09\/Arthur_Bolorinos_photo1-150x150.jpg\" alt=\"\" width=\"150\" height=\"150\" \/><\/p>\n<p>&nbsp;<\/p>\n<p>&nbsp;<\/p>\n<p><a title=\"http:\/\/ensembleregards.com\/ensemble\/musiciens\/arthur-bolorinos\/\" href=\"http:\/\/ensembleregards.com\/ensemble\/musiciens\/arthur-bolorinos\/\">Arthur Bolorinos<\/a>\u00a0&#8211;\u00a0Clarinet<\/p>\n<p>&nbsp;<\/p>\n<p>&nbsp;<\/p>\n<p><img loading=\"lazy\" class=\"alignleft\" src=\"https:\/\/ensembleregards.com\/wp-content\/uploads\/2015\/01\/Mai_Toyama-150x150.jpg\" alt=\"\" width=\"150\" height=\"150\" \/><\/p>\n<p>&nbsp;<\/p>\n<p>&nbsp;<\/p>\n<p><a title=\"http:\/\/ensembleregards.com\/ensemble\/musiciens\/mai-toyama\/\" href=\"http:\/\/ensembleregards.com\/ensemble\/musiciens\/mai-toyama\/\">Ma\u00ef Toyama<\/a>\u00a0&#8211;\u00a0Saxophone<\/p>\n<p>&nbsp;<\/p>\n<p>&nbsp;<\/p>\n<p><img loading=\"lazy\" class=\"alignleft\" src=\"https:\/\/ensembleregards.com\/wp-content\/uploads\/2014\/09\/hiroe-photostudio-150x150.jpg\" alt=\"\" width=\"150\" height=\"150\" \/><\/p>\n<p>&nbsp;<\/p>\n<p>&nbsp;<\/p>\n<p><a title=\"http:\/\/ensembleregards.com\/en\/ensemble\/musicians\/hiroe-yasui-souillart\/\" href=\"http:\/\/ensembleregards.com\/en\/ensemble\/musicians\/hiroe-yasui-souillart\/\">Hiroe Yasui <\/a> &#8211; Saxophone<\/p>\n<p>&nbsp;<\/p>\n<p>&nbsp;<\/p>\n<p><img loading=\"lazy\" class=\"alignleft\" src=\"https:\/\/ensembleregards.com\/wp-content\/uploads\/2016\/12\/THIBAULT-1-150x150.jpg\" alt=\"\" width=\"150\" height=\"150\" \/><\/p>\n<p>&nbsp;<\/p>\n<p>&nbsp;<\/p>\n<p><a href=\"http:\/\/ensembleregards.com\/ensemble\/musiciens\/thibault-lepri\/\">Thibault Lepri<\/a> &#8211; Percussion<\/p>\n<p>&nbsp;<\/p>\n<p>&nbsp;<\/p>\n<p><img loading=\"lazy\" class=\"alignleft\" src=\"https:\/\/ensembleregards.com\/wp-content\/uploads\/2016\/12\/acar-matthieu-1-150x150.jpg\" alt=\"\" width=\"150\" height=\"150\" \/><\/p>\n<p>&nbsp;<\/p>\n<p>&nbsp;<\/p>\n<p><a title=\"http:\/\/ensembleregards.com\/ensemble\/musiciens\/mathieu-acar\/\" href=\"http:\/\/ensembleregards.com\/ensemble\/musiciens\/mathieu-acar\/\">Mathieu Acar<\/a> &#8211; Piano<\/p>\n<p>&nbsp;<\/p>\n<p>&nbsp;<\/p>\n<p><img loading=\"lazy\" class=\"alignleft\" src=\"https:\/\/ensembleregards.com\/wp-content\/uploads\/2017\/09\/Jean_Etienne_SOTTYjpg-150x150.jpg\" alt=\"\" width=\"150\" height=\"150\" \/><\/p>\n<p>&nbsp;<\/p>\n<p>&nbsp;<\/p>\n<p><a title=\"http:\/\/ensembleregards.com\/ensemble\/musiciens\/jean-etienne-sotty\/\" href=\"http:\/\/ensembleregards.com\/ensemble\/musiciens\/jean-etienne-sotty\/\">Jean-Etienne Sotty<\/a> &#8211; Accordion<\/p>\n<p>&nbsp;<\/p>\n<p>&nbsp;<\/p>\n<p><img loading=\"lazy\" class=\"alignleft\" src=\"https:\/\/ensembleregards.com\/wp-content\/uploads\/2015\/01\/Fanny-Vicens-150x150.jpg\" alt=\"\" width=\"150\" height=\"150\" \/><\/p>\n<p>&nbsp;<\/p>\n<p>&nbsp;<\/p>\n<p><a title=\"http:\/\/ensembleregards.com\/ensemble\/musiciens\/fanny-vicens\/\" href=\"http:\/\/ensembleregards.com\/ensemble\/musiciens\/fanny-vicens\/\">Fanny Vicens<\/a> &#8211; Accordion<\/p>\n<p>&nbsp;<\/p>\n<p>&nbsp;<\/p>\n<p><img loading=\"lazy\" class=\"alignleft\" src=\"https:\/\/ensembleregards.com\/wp-content\/uploads\/2014\/11\/Aya-Kono-150x150.jpg\" alt=\"\" width=\"150\" height=\"150\" \/><\/p>\n<p>&nbsp;<\/p>\n<p>&nbsp;<\/p>\n<p><a title=\"http:\/\/ensembleregards.com\/ensemble\/musiciens\/aya-kono\/\" href=\"http:\/\/ensembleregards.com\/ensemble\/musiciens\/aya-kono\/\">Aya Kono <\/a> &#8211; Violin<\/p>\n<p>&nbsp;<\/p>\n<p>&nbsp;<\/p>\n<p><img loading=\"lazy\" class=\"alignleft\" src=\"https:\/\/ensembleregards.com\/wp-content\/uploads\/2015\/01\/531513_536251149741739_1962776448_n-150x150.jpg\" alt=\"\" width=\"150\" height=\"150\" \/><\/p>\n<p>&nbsp;<\/p>\n<p>&nbsp;<\/p>\n<p><a title=\"http:\/\/ensembleregards.com\/ensemble\/musiciens\/elodie-gaudet\/\" href=\"http:\/\/ensembleregards.com\/ensemble\/musiciens\/elodie-gaudet\/\">Elodie Gaudet<\/a>\u00a0&#8211; Alto<\/p>\n<p>&nbsp;<\/p>\n<p>&nbsp;<\/p>\n<p><img loading=\"lazy\" class=\"alignleft\" src=\"https:\/\/ensembleregards.com\/wp-content\/uploads\/2015\/01\/Myrtille-Hetzel-150x150.jpg\" alt=\"\" width=\"150\" height=\"150\" \/><\/p>\n<p>&nbsp;<\/p>\n<p>&nbsp;<\/p>\n<p><a title=\"http:\/\/ensembleregards.com\/ensemble\/musiciens\/myrtille-hetzel\/\" href=\"http:\/\/ensembleregards.com\/ensemble\/musiciens\/myrtille-hetzel\/\">Myrtille Hetzel<\/a> &#8211;\u00a0Cello<\/p>\n<p>&nbsp;<\/p>\n<p>&nbsp;<\/p>\n<p><img loading=\"lazy\" class=\"alignleft\" src=\"https:\/\/ensembleregards.com\/wp-content\/uploads\/2014\/09\/Curriculum-vitae-Jeanne-Maisonhaute-fran%C3%A7ais-150x150.jpg\" alt=\"\" width=\"150\" height=\"150\" \/><\/p>\n<p>&nbsp;<\/p>\n<p>&nbsp;<\/p>\n<p><a title=\"http:\/\/ensembleregards.com\/ensemble\/musiciens\/jeanne-maisonhaute\/\" href=\"http:\/\/ensembleregards.com\/ensemble\/musiciens\/jeanne-maisonhaute\/\">Jeanne Maisonhaute<\/a>\u00a0&#8211;\u00a0Cello<\/p>\n<p>&nbsp;<\/p>\n<p>&nbsp;<\/p>\n<hr \/>\n<p><strong>Came to play\u00a0<\/strong>: Marie SOUBESTRE, Caroline MICHAUD, Constantin GOUBET, Pierre-Michel DUDAN, Kareru CHIKU, Ana\u00efs NORMANT, Judith PEEL, M\u00e9lanie ROTHMAN, Juliette ADAM, Jean DETRAZ, Sophie RAYNAUD, Haruka INOUE, Kostia BOURREAU, Cl\u00e9ment CARPENTIER, Ming-yu WENG, Maureen THIEBAUT, Luis VELASCO-PUFLEAU, Eun-joo-LEE, No\u00e9mie BIALOBRODA, Vladimir PERCEVIC, Myrtille HETZEL, Marie YTHIER, Cl\u00e9ment PEIGNE, Cl\u00e9mence SARDA<\/p>\n<p>&nbsp;<\/p>\n<p>&nbsp;<\/p>","protected":false},"excerpt":{"rendered":"<p>&nbsp; &nbsp; Julien B\u00e9n\u00e9teau &#8211; Music Director &nbsp; &nbsp; &nbsp; &nbsp; Am\u00e9lie Feihl &#8211; Flute &nbsp; &nbsp; &nbsp; &nbsp; Arthur Bolorinos\u00a0&#8211;\u00a0Clarinet &nbsp; &nbsp; &nbsp; &nbsp; Ma\u00ef Toyama\u00a0&#8211;\u00a0Saxophone &nbsp; &nbsp; &nbsp; &nbsp; Hiroe Yasui &#8211; Saxophone &nbsp; &nbsp; &nbsp; &nbsp; Thibault Lepri &#8211; Percussion &nbsp; &nbsp; &nbsp; &nbsp; Mathieu Acar &#8211; Piano &nbsp; &nbsp; &nbsp; &nbsp;<\/p>\n<div><a class=\"btn-filled btn\" href=\"https:\/\/ensembleregards.com\/en\/ensemble\/musicians\/\" title=\"Musicians\">Read More<\/a><\/div>\n","protected":false},"author":5,"featured_media":0,"parent":7,"menu_order":4,"comment_status":"closed","ping_status":"closed","template":"","meta":{"om_disable_all_campaigns":false,"_monsterinsights_skip_tracking":false,"_monsterinsights_sitenote_active":false,"_monsterinsights_sitenote_note":"","_monsterinsights_sitenote_category":0},"aioseo_notices":[],"_links":{"self":[{"href":"https:\/\/ensembleregards.com\/en\/wp-json\/wp\/v2\/pages\/34"}],"collection":[{"href":"https:\/\/ensembleregards.com\/en\/wp-json\/wp\/v2\/pages"}],"about":[{"href":"https:\/\/ensembleregards.com\/en\/wp-json\/wp\/v2\/types\/page"}],"author":[{"embeddable":true,"href":"https:\/\/ensembleregards.com\/en\/wp-json\/wp\/v2\/users\/5"}],"replies":[{"embeddable":true,"href":"https:\/\/ensembleregards.com\/en\/wp-json\/wp\/v2\/comments?post=34"}],"version-history":[{"count":117,"href":"https:\/\/ensembleregards.com\/en\/wp-json\/wp\/v2\/pages\/34\/revisions"}],"predecessor-version":[{"id":1253,"href":"https:\/\/ensembleregards.com\/en\/wp-json\/wp\/v2\/pages\/34\/revisions\/1253"}],"up":[{"embeddable":true,"href":"https:\/\/ensembleregards.com\/en\/wp-json\/wp\/v2\/pages\/7"}],"wp:attachment":[{"href":"https:\/\/ensembleregards.com\/en\/wp-json\/wp\/v2\/media?parent=34"}],"curies":[{"name":"wp","href":"https:\/\/api.w.org\/{rel}","templated":true}]}}