{"id":342,"date":"2014-09-16T10:26:34","date_gmt":"2014-09-16T10:26:34","guid":{"rendered":"http:\/\/ensembleregards.com\/en\/?page_id=342"},"modified":"2014-11-22T20:24:57","modified_gmt":"2014-11-22T20:24:57","slug":"pierre-michel-dudan","status":"publish","type":"page","link":"https:\/\/ensembleregards.com\/en\/ensemble\/musicians\/pierre-michel-dudan\/","title":{"rendered":"Pierre-Michel Dudan"},"content":{"rendered":"<p><a href=\"https:\/\/ensembleregards.com\/wp-content\/uploads\/2014\/09\/Pierre-Michel-Dudan.jpg\"><img loading=\"lazy\" class=\"size-full wp-image-343 alignleft\" src=\"https:\/\/ensembleregards.com\/wp-content\/uploads\/2014\/09\/Pierre-Michel-Dudan.jpg\" alt=\"Pierre-Michel Dudan\" width=\"259\" height=\"388\" srcset=\"https:\/\/ensembleregards.com\/wp-content\/uploads\/2014\/09\/Pierre-Michel-Dudan.jpg 2592w, https:\/\/ensembleregards.com\/wp-content\/uploads\/2014\/09\/Pierre-Michel-Dudan-200x300.jpg 200w, https:\/\/ensembleregards.com\/wp-content\/uploads\/2014\/09\/Pierre-Michel-Dudan-682x1024.jpg 682w, https:\/\/ensembleregards.com\/wp-content\/uploads\/2014\/09\/Pierre-Michel-Dudan-333x500.jpg 333w, https:\/\/ensembleregards.com\/wp-content\/uploads\/2014\/09\/Pierre-Michel-Dudan-900x1350.jpg 900w\" sizes=\"(max-width: 259px) 100vw, 259px\" \/><\/a><\/p>\n<p>Apr\u00e8s des \u00e9tudes musicales au C.N.R. de Paris, o\u00f9 il obtient en 1989 ses dipl\u00f4mes de Fin d\u2019Etudes en formation musicale et en fl\u00fbte traversi\u00e8re, il se dirige ensuite vers l\u2019Art Dramatique.<\/p>\n<p>Il entre \u00e0 l\u2019Ecole du Studio d\u2019Asni\u00e8res-sur-Seine puis int\u00e8gre la compagnie Le Studio, dirig\u00e9e par Jean-Louis Martin-Barbaz o\u00f9 il joue des \u0153uvres de <strong>Moli\u00e8re<\/strong>, <strong>Shakespeare<\/strong>, <strong>Goldoni,<\/strong> <strong>Labiche <\/strong>ou <strong>Wesker.<\/strong><\/p>\n<p>Il se tourne ensuite vers le r\u00e9pertoire lyrique et \u00e9tudie le chant au C.R.R. de Boulogne-Billancourt o\u00f9 il obtient en 2004 le dipl\u00f4me de Fin d\u2019Etudes mention Tr\u00e8s Bien.<\/p>\n<p>Il chante dans des op\u00e9rettes et spectacles musicaux tels que\u00a0:<\/p>\n<p><em>Monsieur Choufleuri\/ Mesdames de la Halle\u00a0\u00a0<\/em>; \u00a0<em>Orph\u00e9e aux Enfers\u00a0\u00a0; \u00a0Le ch\u00e2teau \u00e0 Toto\u00a0<\/em> et <em>La P\u00e9richole\u00a0<\/em> d\u2019<strong>Offenbach<\/strong>\u00a0; \u00a0<em>Docteur Miracle\u00a0<\/em> de <strong>Bizet\u00a0<\/strong>; \u00a0<em>L\u2019amour masqu\u00e9\u00a0<\/em> de <strong>Messager<\/strong> et Guitry\u00a0; <em>Phi-Phi\u00a0<\/em> de <strong>Christin\u00e9 <\/strong>et Willemetz\u00a0; \u00a0<em>L\u2019Op\u00e9ra de quat\u2019sous\u00a0<\/em> de <strong>Weill<\/strong> et Brecht\u00a0; \u00a0<em>Les Mamelles de Tir\u00e9sias\u00a0<\/em> d\u2019Apollinaire et <strong>Poulenc<\/strong>\u2026 Mais aussi \u00a0<em>O\u00f9<\/em> <em>est-il l\u2019\u00e9t\u00e9\u00a0? Aubade \u00e0 <strong>Boby Lapointe\u00a0<\/strong><\/em> et divers spectacles de Cabaret.<\/p>\n<p>Il chante \u00e9galement en soliste des \u0153uvres de <strong>Bach<\/strong>, <strong>Mozart<\/strong>, <strong>Telemann<\/strong>, <strong>Stravinsky<\/strong>\u2026 et participe \u00e0 plusieurs productions d\u2019Op\u00e9ra en Plein Air ( <em>La Boh\u00e8me\u00a0<\/em> de <strong>Puccini<\/strong>, \u00a0<em>La Fl\u00fbte enchant\u00e9e\u00a0<\/em> de <strong>Mozart\u00a0<\/strong>; \u00a0<em>A\u00efda<\/em>\u00a0 de <strong>Verdi<\/strong> )<\/p>\n<p>Il a interpr\u00e9t\u00e9 r\u00e9cemment le r\u00f4le de Geronimo dans <em>Le mariage secret\u00a0<\/em> de <strong>Cimarosa<\/strong> mis en sc\u00e8ne par Anne-Marie Lazarini, au Th\u00e9\u00e2tre Artistic-Ath\u00e9vains \u00a0; le r\u00f4le de Gasparo dans \u00a0<em>Rita ou le mari battu\u00a0<\/em> de <strong>Donizetti<\/strong> au Th\u00e9\u00e2tre Imp\u00e9rial de Compi\u00e8gne et le r\u00f4le de Don Alfonso dans \u00a0<em>Cosi fan tutte\u00a0<\/em> de <strong>Mozart<\/strong> au Th\u00e9\u00e2tre du Ranelagh.<\/p>\n<p>Avec Com\u00e9diens et Compagnie, il joue et chante le r\u00f4le du Comte Almaviva dans \u00a0<em>Le Mariage de Figaro<\/em> de <strong>Beaumarchais et Mozart <\/strong>au Festival d\u2019Avignon et en tourn\u00e9e dans toute la France.<\/p>\n<p>Il sera prochainement au Th\u00e9\u00e2tre des Nouveaut\u00e9s \u00e0 Paris dans \u00a0<em>Nuit<\/em> <em>gravement au salut\u00a0<\/em> d\u2019<strong>Henri-Fr\u00e9d\u00e9ric Blanc<\/strong> et en tourn\u00e9e dans toute la France avec une adaptation de \u00a0<em>L\u2019Odyss\u00e9e<\/em>\u00a0 d\u2019<strong>Hom\u00e8re<\/strong> et <strong>Monteverdi<\/strong> par Com\u00e9diens et Compagnie.<\/p>","protected":false},"excerpt":{"rendered":"<p>Apr\u00e8s des \u00e9tudes musicales au C.N.R. de Paris, o\u00f9 il obtient en 1989 ses dipl\u00f4mes de Fin d\u2019Etudes en formation musicale et en fl\u00fbte traversi\u00e8re, il se dirige ensuite vers l\u2019Art Dramatique. Il entre \u00e0 l\u2019Ecole du Studio d\u2019Asni\u00e8res-sur-Seine puis int\u00e8gre la compagnie Le Studio, dirig\u00e9e par Jean-Louis Martin-Barbaz o\u00f9 il joue des \u0153uvres de<\/p>\n<div><a class=\"btn-filled btn\" href=\"https:\/\/ensembleregards.com\/en\/ensemble\/musicians\/pierre-michel-dudan\/\" title=\"Pierre-Michel Dudan\">Read More<\/a><\/div>\n","protected":false},"author":5,"featured_media":0,"parent":34,"menu_order":12,"comment_status":"closed","ping_status":"closed","template":"","meta":{"om_disable_all_campaigns":false,"_monsterinsights_skip_tracking":false,"_monsterinsights_sitenote_active":false,"_monsterinsights_sitenote_note":"","_monsterinsights_sitenote_category":0},"aioseo_notices":[],"_links":{"self":[{"href":"https:\/\/ensembleregards.com\/en\/wp-json\/wp\/v2\/pages\/342"}],"collection":[{"href":"https:\/\/ensembleregards.com\/en\/wp-json\/wp\/v2\/pages"}],"about":[{"href":"https:\/\/ensembleregards.com\/en\/wp-json\/wp\/v2\/types\/page"}],"author":[{"embeddable":true,"href":"https:\/\/ensembleregards.com\/en\/wp-json\/wp\/v2\/users\/5"}],"replies":[{"embeddable":true,"href":"https:\/\/ensembleregards.com\/en\/wp-json\/wp\/v2\/comments?post=342"}],"version-history":[{"count":4,"href":"https:\/\/ensembleregards.com\/en\/wp-json\/wp\/v2\/pages\/342\/revisions"}],"predecessor-version":[{"id":348,"href":"https:\/\/ensembleregards.com\/en\/wp-json\/wp\/v2\/pages\/342\/revisions\/348"}],"up":[{"embeddable":true,"href":"https:\/\/ensembleregards.com\/en\/wp-json\/wp\/v2\/pages\/34"}],"wp:attachment":[{"href":"https:\/\/ensembleregards.com\/en\/wp-json\/wp\/v2\/media?parent=342"}],"curies":[{"name":"wp","href":"https:\/\/api.w.org\/{rel}","templated":true}]}}