{"id":356,"date":"2014-09-20T06:10:42","date_gmt":"2014-09-20T06:10:42","guid":{"rendered":"http:\/\/ensembleregards.com\/en\/?page_id=356"},"modified":"2014-09-20T06:10:42","modified_gmt":"2014-09-20T06:10:42","slug":"constantin-goubet","status":"publish","type":"page","link":"https:\/\/ensembleregards.com\/en\/ensemble\/musicians\/constantin-goubet\/","title":{"rendered":"Constantin Goubet"},"content":{"rendered":"<p><a href=\"https:\/\/ensembleregards.com\/wp-content\/uploads\/2014\/09\/Constantin-Goubet.png\"><img loading=\"lazy\" class=\"size-full wp-image-357 alignleft\" src=\"https:\/\/ensembleregards.com\/wp-content\/uploads\/2014\/09\/Constantin-Goubet.png\" alt=\"Constantin Goubet\" width=\"225\" height=\"290\" \/><\/a><\/p>\n<p>Constantin Goubet d\u00e9couvre la musique et l\u2019art vocal tr\u00e8s jeune au sein des Petits Chanteurs de Chaillot puis de la Ma\u00eetrise Saint Louis de Gonzague de Paris. Ces premi\u00e8res exp\u00e9riences le poussent ensuite \u00e0 travailler le chant lyrique au conservatoire du 6\u00e8me arrondissement de Paris, puis au conservatoire \u00e0 rayonnement r\u00e9gional de Boulogne-Billancourt, dans la classe d\u2019Anne Constantin. Il re\u00e7oit \u00e9galement les pr\u00e9cieux conseils d\u2019Hanna Schaer et Fr\u00e9d\u00e9ric Bourreau.<br \/>\nIl a effectu\u00e9 par ailleurs un cursus universitaire \u00e0 Paris Dauphine o\u00f9 il a obtenu en 2007 un Master de Finance d\u2019Entreprise et Ing\u00e9nierie Financi\u00e8re. Il a depuis consacr\u00e9 plusieurs ann\u00e9es \u00e0 la pratique de cette discipline et s\u2019est vu confier des postes \u00e0 responsabilit\u00e9 dans plusieurs entreprises avant de d\u00e9cider de se consacrer prioritairement au chant lyrique.<br \/>\nSes premiers r\u00f4les lui ont permit de s\u2019illustrer dans les grands oratorios baroques et classiques : l\u2019Oratorio de No\u00ebl et les passions selon Saint Jean et Saint Matthieu de Bach, la cr\u00e9ation et le Stabat Mater de Haydn, le requiem de Mozart, le Messie de Haendel\u2026<\/p>\n<p>Sur sc\u00e8ne, il a \u00e9t\u00e9 Gardefeu dans la Vie Parisienne, Fritz dans la Grande Duchesse de G\u00e9rolstein, Piquillo dans la P\u00e9richole (Offenbach), Gontran dans les Mousquetaires au couvent (Varney), Tamino dans la Fl\u00fbte Enchant\u00e9e (Mozart).<\/p>\n<p>En 2014, il fut le Comte Almaviva dans le Barbier de S\u00e9ville de Rossini, mis en sc\u00e8ne par Alain Garichot.<\/p>\n<p>Il a r\u00e9cemment \u00e9t\u00e9 re\u00e7u en tant que chanteur titulaire au sein du Ch\u0153ur de l\u2019Arm\u00e9e Fran\u00e7aise.<\/p>","protected":false},"excerpt":{"rendered":"<p>Constantin Goubet d\u00e9couvre la musique et l\u2019art vocal tr\u00e8s jeune au sein des Petits Chanteurs de Chaillot puis de la Ma\u00eetrise Saint Louis de Gonzague de Paris. Ces premi\u00e8res exp\u00e9riences le poussent ensuite \u00e0 travailler le chant lyrique au conservatoire du 6\u00e8me arrondissement de Paris, puis au conservatoire \u00e0 rayonnement r\u00e9gional de Boulogne-Billancourt, dans la<\/p>\n<div><a class=\"btn-filled btn\" href=\"https:\/\/ensembleregards.com\/en\/ensemble\/musicians\/constantin-goubet\/\" title=\"Constantin Goubet\">Read More<\/a><\/div>\n","protected":false},"author":5,"featured_media":0,"parent":34,"menu_order":10,"comment_status":"closed","ping_status":"closed","template":"","meta":{"om_disable_all_campaigns":false,"_monsterinsights_skip_tracking":false,"_monsterinsights_sitenote_active":false,"_monsterinsights_sitenote_note":"","_monsterinsights_sitenote_category":0},"aioseo_notices":[],"_links":{"self":[{"href":"https:\/\/ensembleregards.com\/en\/wp-json\/wp\/v2\/pages\/356"}],"collection":[{"href":"https:\/\/ensembleregards.com\/en\/wp-json\/wp\/v2\/pages"}],"about":[{"href":"https:\/\/ensembleregards.com\/en\/wp-json\/wp\/v2\/types\/page"}],"author":[{"embeddable":true,"href":"https:\/\/ensembleregards.com\/en\/wp-json\/wp\/v2\/users\/5"}],"replies":[{"embeddable":true,"href":"https:\/\/ensembleregards.com\/en\/wp-json\/wp\/v2\/comments?post=356"}],"version-history":[{"count":2,"href":"https:\/\/ensembleregards.com\/en\/wp-json\/wp\/v2\/pages\/356\/revisions"}],"predecessor-version":[{"id":866,"href":"https:\/\/ensembleregards.com\/en\/wp-json\/wp\/v2\/pages\/356\/revisions\/866"}],"up":[{"embeddable":true,"href":"https:\/\/ensembleregards.com\/en\/wp-json\/wp\/v2\/pages\/34"}],"wp:attachment":[{"href":"https:\/\/ensembleregards.com\/en\/wp-json\/wp\/v2\/media?parent=356"}],"curies":[{"name":"wp","href":"https:\/\/api.w.org\/{rel}","templated":true}]}}