{"id":400,"date":"2014-11-19T03:47:42","date_gmt":"2014-11-19T03:47:42","guid":{"rendered":"http:\/\/ensembleregards.com\/?page_id=400"},"modified":"2014-11-19T05:02:10","modified_gmt":"2014-11-19T05:02:10","slug":"dorothee-daffy","status":"publish","type":"page","link":"https:\/\/ensembleregards.com\/en\/ensemble\/technical-team\/dorothee-daffy\/","title":{"rendered":"Doroth\u00e9e Daffy"},"content":{"rendered":"<p><\/p>\n<p><a href=\"https:\/\/ensembleregards.com\/wp-content\/uploads\/2014\/11\/dorothecopyG.jpg\"><img loading=\"lazy\" class=\"size-full wp-image-398 alignleft\" src=\"https:\/\/ensembleregards.com\/wp-content\/uploads\/2014\/11\/dorothecopyG.jpg\" alt=\"dorothecopyG\" width=\"283\" height=\"424\" srcset=\"https:\/\/ensembleregards.com\/wp-content\/uploads\/2014\/11\/dorothecopyG.jpg 567w, https:\/\/ensembleregards.com\/wp-content\/uploads\/2014\/11\/dorothecopyG-200x300.jpg 200w, https:\/\/ensembleregards.com\/wp-content\/uploads\/2014\/11\/dorothecopyG-333x500.jpg 333w\" sizes=\"(max-width: 283px) 100vw, 283px\" \/><\/a>Doroth\u00e9e Daffy, com\u00e9dienne, metteur en sc\u00e8ne<\/p>\n<p>Apr\u00e8s l\u2019obtention d\u2019une Ma\u00eetrise d\u2019arts du spectacle, Doroth\u00e9e se forme au cours d&#8217;art dramatique Jean P\u00e9rimony. Elle est r\u00e9guli\u00e8rement coach\u00e9e par Jack Waltzer (m\u00e9thode Actor&#8217;s studio).<\/p>\n<p>Sa passion pour l&#8217;op\u00e9ra l&#8217;a conduit tout naturellement \u00e0 travailler avec les artistes lyriques.<br \/>\nElle joue dans &#8220;Parsifal&#8221; mis en sc\u00e8ne par Rom\u00e9o Castellucci \u00e0 l&#8217;Op\u00e9ra de La Monnaie de Bruxelles, dans &#8220;Firma&#8221; un collage lyrique de Philippe Platel cr\u00e9e \u00e0 Berlin en juin 2011, \u00e0 Paris en 2012 et repris jusqu\u2019en 2014.<\/p>\n<p>Elle met en sc\u00e8ne au Conservatoire National Sup\u00e9rieur de Musique et de Danse de Paris \u00ab On dit que des barques paraissent dans le ciel \u00bb un spectacle pour 14 musiciens.<br \/>\nDepuis elle a r\u00e9alis\u00e9 plusieurs mises en sc\u00e8ne de r\u00e9citals \u00ab Music for a while \u00bb en Picardie, \u00ab \u00e7a fait peur aux oiseaux \u00bb Paris, \u00ab Ne chante plus ces vieux refrains \u00bb et \u00ab D\u2019Est en Ouest en M\u00e9lodies \u00bb en Ile-d-France.<\/p>\n<p>En novembre 2013 elle fonde la Compagnie de th\u00e9\u00e2tre lyrique Les Cassandres dans laquelle elle joue et met en sc\u00e8ne.<\/p>\n<p><a title=\"http:\/\/lescassandres.com\" href=\"http:\/\/lescassandres.com\" target=\"_blank\">http:\/\/lescassandres.com<\/a><\/p>\n<p><\/p>","protected":false},"excerpt":{"rendered":"<p>Doroth\u00e9e Daffy, com\u00e9dienne, metteur en sc\u00e8ne Apr\u00e8s l\u2019obtention d\u2019une Ma\u00eetrise d\u2019arts du spectacle, Doroth\u00e9e se forme au cours d&#8217;art dramatique Jean P\u00e9rimony. Elle est r\u00e9guli\u00e8rement coach\u00e9e par Jack Waltzer (m\u00e9thode Actor&#8217;s studio). Sa passion pour l&#8217;op\u00e9ra l&#8217;a conduit tout naturellement \u00e0 travailler avec les artistes lyriques. Elle joue dans &#8220;Parsifal&#8221; mis en sc\u00e8ne par Rom\u00e9o<\/p>\n<div><a class=\"btn-filled btn\" href=\"https:\/\/ensembleregards.com\/en\/ensemble\/technical-team\/dorothee-daffy\/\" title=\"Doroth\u00e9e Daffy\">Read More<\/a><\/div>\n","protected":false},"author":5,"featured_media":0,"parent":397,"menu_order":1,"comment_status":"closed","ping_status":"closed","template":"","meta":{"om_disable_all_campaigns":false,"_monsterinsights_skip_tracking":false,"_monsterinsights_sitenote_active":false,"_monsterinsights_sitenote_note":"","_monsterinsights_sitenote_category":0},"aioseo_notices":[],"_links":{"self":[{"href":"https:\/\/ensembleregards.com\/en\/wp-json\/wp\/v2\/pages\/400"}],"collection":[{"href":"https:\/\/ensembleregards.com\/en\/wp-json\/wp\/v2\/pages"}],"about":[{"href":"https:\/\/ensembleregards.com\/en\/wp-json\/wp\/v2\/types\/page"}],"author":[{"embeddable":true,"href":"https:\/\/ensembleregards.com\/en\/wp-json\/wp\/v2\/users\/5"}],"replies":[{"embeddable":true,"href":"https:\/\/ensembleregards.com\/en\/wp-json\/wp\/v2\/comments?post=400"}],"version-history":[{"count":4,"href":"https:\/\/ensembleregards.com\/en\/wp-json\/wp\/v2\/pages\/400\/revisions"}],"predecessor-version":[{"id":402,"href":"https:\/\/ensembleregards.com\/en\/wp-json\/wp\/v2\/pages\/400\/revisions\/402"}],"up":[{"embeddable":true,"href":"https:\/\/ensembleregards.com\/en\/wp-json\/wp\/v2\/pages\/397"}],"wp:attachment":[{"href":"https:\/\/ensembleregards.com\/en\/wp-json\/wp\/v2\/media?parent=400"}],"curies":[{"name":"wp","href":"https:\/\/api.w.org\/{rel}","templated":true}]}}