{"id":45,"date":"2014-09-10T15:31:12","date_gmt":"2014-09-10T15:31:12","guid":{"rendered":"http:\/\/ensembleregards.com\/?page_id=45&#038;lang=en"},"modified":"2022-01-03T22:10:53","modified_gmt":"2022-01-03T22:10:53","slug":"vincent-trollet","status":"publish","type":"page","link":"https:\/\/ensembleregards.com\/en\/vincent-trollet\/","title":{"rendered":"Vincent Trollet"},"content":{"rendered":"<p><a href=\"https:\/\/ensembleregards.com\/wp-content\/uploads\/2014\/09\/Vincent-Trollet.jpg\"><img loading=\"lazy\" class=\"size-medium wp-image-46 alignleft\" src=\"https:\/\/ensembleregards.com\/wp-content\/uploads\/2014\/09\/Vincent-Trollet-216x300.jpg\" alt=\"Vincent Trollet\" width=\"216\" height=\"300\" srcset=\"https:\/\/ensembleregards.com\/wp-content\/uploads\/2014\/09\/Vincent-Trollet-216x300.jpg 216w, https:\/\/ensembleregards.com\/wp-content\/uploads\/2014\/09\/Vincent-Trollet-739x1024.jpg 739w, https:\/\/ensembleregards.com\/wp-content\/uploads\/2014\/09\/Vincent-Trollet-361x500.jpg 361w, https:\/\/ensembleregards.com\/wp-content\/uploads\/2014\/09\/Vincent-Trollet-900x1246.jpg 900w, https:\/\/ensembleregards.com\/wp-content\/uploads\/2014\/09\/Vincent-Trollet.jpg 1535w\" sizes=\"(max-width: 216px) 100vw, 216px\" \/><\/a><\/p>\n<p>Membre Artiste de l\u2019Acad\u00e9mie de France \u00e0 Madrid, la Casa de Velazquez, de 2013 \u00e0 2014, s\u00e9lectionn\u00e9 \u00e0 l\u2019Institut Fran\u00e7ais de F\u00e8s au Maroc pour une r\u00e9sidence artistique\u00a0en 2015,\u00a0laur\u00e9at 2016 du programme de r\u00e9sidence Hors-les-murs de l&#8217;Institut Fran\u00e7ais en musique de cr\u00e9ation, Vincent Trollet s\u2019inscrit dans le courant des jeunes compositeurs fran\u00e7ais. Son catalogue s\u2019\u00e9tend de la musique instrumentale et vocale aux formes plus exp\u00e9rimentales de la musique mixte et \u00e9lectroacoustique.<\/p>\n<p>L\u2019ann\u00e9e 2010\/2011 repr\u00e9sente un tournant. IL est admis au cursus d\u2019Informatique Musicale \u00e0 l\u2019IRCAM \u00e0 Paris, o\u00f9 il suit une formation intensive dans ce domaine. Une nouvelle orientation se dessine alors et l\u2019am\u00e8ne \u00e0 explorer des formes exp\u00e9rimentales de musique. \u00a0Il y composera Floricatio Vocis, une \u0153uvre pour trombone et dispositif \u00e9lectronique live cr\u00e9e par le tromboniste Cl\u00e9ment Carpentier. C\u2019est aussi le moment o\u00f9 se nouent des rencontres avec d\u2019autres compositeurs de sa g\u00e9n\u00e9ration qui se r\u00e9percuteront quelques mois plus tard, par la fondation d\u2019un collectif, d\u2019o\u00f9 naitra un ensemble de musique contemporaine, l\u2019Ensemble REGARDS.<\/p>\n<p>Le 20 Septembre 2013, la date du premier concert de l\u2019ensemble REGARDS,\u00a0 marque le d\u00e9but d\u2019une aventure humaine et artistique qui aura une incidence sur son parcours. Engag\u00e9 pour une diffusion d\u2019\u0153uvres musicales contemporaines et d\u00e9sireux de donner aux cr\u00e9ateurs de divers horizons l\u2019usage d\u2019un espace de cr\u00e9ation interdisciplinaire, il d\u00e9bute progressivement cette autre activit\u00e9 de direction artistique d\u2019un ensemble.<\/p>\n<p>Dipl\u00f4m\u00e9 en Composition au Conservatoire \u00e0 Rayonnement R\u00e9gional de Paris et en Acoustique Musicale, au Conservatoire National Sup\u00e9rieur de Musique de Paris, il choisit de poursuivre ses \u00e9tudes \u00e0 la Haute Ecole de Musique de Gen\u00e8ve o\u00f9 il obtient un Master en Composition et th\u00e9orie musicale. Form\u00e9 au Ch\u0153ur Gr\u00e9gorien de Paris, il y approfondit le Chant Gr\u00e9gorien. IL ressent un attrait \u00e0 explorer d\u2019autres cultures, en sondant les correspondances possibles entre \u0153uvres m\u00e9di\u00e9vales occidentales et musiques de traditions orales actuelles. Il donne des conf\u00e9rences sur le croisement fertile de la musique dite \u00ab\u00a0ancienne\u00a0\u00bb avec la musique contemporaine.<\/p>\n<p>Parmi ses futurs projets, le projet de spectacle \u00ab\u00a0Oblique\u00a0\u00bb en collaboration avec <a href=\"http:\/\/www.vahramzaryan.com\">la Compagnie Vahram Zaryan<\/a>, performer (mime contemporain ) et metteur en sc\u00e8ne.<\/p>\n<p><a title=\"http:\/\/vincent-trollet.tumblr.com\" href=\"https:\/\/vincent-trollet.com\/\" target=\"_blank\" rel=\"noopener\">http:\/\/vincent-trollet.com<\/a><\/p>\n<p>&nbsp;<\/p>","protected":false},"excerpt":{"rendered":"<p>Membre Artiste de l\u2019Acad\u00e9mie de France \u00e0 Madrid, la Casa de Velazquez, de 2013 \u00e0 2014, s\u00e9lectionn\u00e9 \u00e0 l\u2019Institut Fran\u00e7ais de F\u00e8s au Maroc pour une r\u00e9sidence artistique\u00a0en 2015,\u00a0laur\u00e9at 2016 du programme de r\u00e9sidence Hors-les-murs de l&#8217;Institut Fran\u00e7ais en musique de cr\u00e9ation, Vincent Trollet s\u2019inscrit dans le courant des jeunes compositeurs fran\u00e7ais. Son catalogue s\u2019\u00e9tend<\/p>\n<div><a class=\"btn-filled btn\" href=\"https:\/\/ensembleregards.com\/en\/vincent-trollet\/\" title=\"Vincent Trollet\">Read More<\/a><\/div>\n","protected":false},"author":5,"featured_media":0,"parent":0,"menu_order":1,"comment_status":"closed","ping_status":"closed","template":"","meta":{"om_disable_all_campaigns":false,"_monsterinsights_skip_tracking":false,"_monsterinsights_sitenote_active":false,"_monsterinsights_sitenote_note":"","_monsterinsights_sitenote_category":0},"aioseo_notices":[],"_links":{"self":[{"href":"https:\/\/ensembleregards.com\/en\/wp-json\/wp\/v2\/pages\/45"}],"collection":[{"href":"https:\/\/ensembleregards.com\/en\/wp-json\/wp\/v2\/pages"}],"about":[{"href":"https:\/\/ensembleregards.com\/en\/wp-json\/wp\/v2\/types\/page"}],"author":[{"embeddable":true,"href":"https:\/\/ensembleregards.com\/en\/wp-json\/wp\/v2\/users\/5"}],"replies":[{"embeddable":true,"href":"https:\/\/ensembleregards.com\/en\/wp-json\/wp\/v2\/comments?post=45"}],"version-history":[{"count":9,"href":"https:\/\/ensembleregards.com\/en\/wp-json\/wp\/v2\/pages\/45\/revisions"}],"predecessor-version":[{"id":1519,"href":"https:\/\/ensembleregards.com\/en\/wp-json\/wp\/v2\/pages\/45\/revisions\/1519"}],"wp:attachment":[{"href":"https:\/\/ensembleregards.com\/en\/wp-json\/wp\/v2\/media?parent=45"}],"curies":[{"name":"wp","href":"https:\/\/api.w.org\/{rel}","templated":true}]}}