{"id":509,"date":"2014-11-23T17:57:26","date_gmt":"2014-11-23T17:57:26","guid":{"rendered":"http:\/\/ensembleregards.com\/?page_id=509"},"modified":"2014-11-23T20:16:11","modified_gmt":"2014-11-23T20:16:11","slug":"judith-peel","status":"publish","type":"page","link":"https:\/\/ensembleregards.com\/en\/ensemble\/musicians\/judith-peel\/","title":{"rendered":"Judith PEEL"},"content":{"rendered":"<p><a href=\"https:\/\/ensembleregards.com\/wp-content\/uploads\/2014\/11\/Judith-PEEL.jpg\"><img loading=\"lazy\" class=\"size-full wp-image-511 alignleft\" src=\"https:\/\/ensembleregards.com\/wp-content\/uploads\/2014\/11\/Judith-PEEL.jpg\" alt=\"Judith PEEL\" width=\"240\" height=\"240\" srcset=\"https:\/\/ensembleregards.com\/wp-content\/uploads\/2014\/11\/Judith-PEEL.jpg 479w, https:\/\/ensembleregards.com\/wp-content\/uploads\/2014\/11\/Judith-PEEL-150x150.jpg 150w, https:\/\/ensembleregards.com\/wp-content\/uploads\/2014\/11\/Judith-PEEL-300x300.jpg 300w, https:\/\/ensembleregards.com\/wp-content\/uploads\/2014\/11\/Judith-PEEL-75x75.jpg 75w, https:\/\/ensembleregards.com\/wp-content\/uploads\/2014\/11\/Judith-PEEL-400x400.jpg 400w, https:\/\/ensembleregards.com\/wp-content\/uploads\/2014\/11\/Judith-PEEL-144x144.jpg 144w, https:\/\/ensembleregards.com\/wp-content\/uploads\/2014\/11\/Judith-PEEL-50x50.jpg 50w, https:\/\/ensembleregards.com\/wp-content\/uploads\/2014\/11\/Judith-PEEL-100x100.jpg 100w\" sizes=\"(max-width: 240px) 100vw, 240px\" \/><\/a>Judith PEEL studied the oboe under Jean-Claude JABOULAY at the C.R.R. of Paris, and under H\u00e9l\u00e8ne DEVILLENEUVE at the Hector Berlioz Conservatory before honing her play in Switzerland under Jean-Louis CAPEZZALI at the Haute Ecole de Musique of Lausanne where she obtained two Master\u2019s Degrees, Interpretation and Orchestra.<br \/>\nHer work with different orchestras such as the Orchestre Philharmonique de Radio-France, the Gstaad Festival Orchestra, the Orchestre de Chambre de Lausanne, the Biel Sinfonieorchester, the Philharmonie der Animato Stiftung, the Summer Academy Orchestra of Collegium Musicum in Schloss Pommersfelden, the Orchestre Fran\u00e7ais des Jeunes, the Wiener Jeunesse Orchester, have brought  Judith to perform in several prestigious concert halls such as the Royal Albert Hall in London, the Berlin Konzerthaus, the Vienna Konzerthaus, the Smetana Hall of Prague, the Reduta Hall of Bratislava, the Mozarteum of Salzburg, the Stefaniensaal in Graz, the Kulturcasino at Bern, the Salle Pleyel or the Th\u00e9\u00e2tre des Champs Elys\u00e9es under the batons, notably, of Mikko FRANCK, Neeme J\u00c4RVI, Leonid GRIN, Tom KOOPMAN, Christian ZACHARIAS, Myung-Whun CHUNG, Thierry FISCHER, Dennis Russel DAVIES and Kwam\u00e9 RYAN.<br \/>\nJudith is also passionately involved in both chamber music and in contemporary music, which she first studied in the class of Paul MEYER and Eric LE SAGE in Paris before working under Jos\u00e9-Daniel CASTELLON and William BLANK in Lausanne. She has thus performed at the Sion Festival with Maxim VENGEROV and the Yehudi Menuhin Academy, as well as at the Gstaad Festival and has taken part in diverse creations in Switzerland and in France.<br \/>\n<\/p>","protected":false},"excerpt":{"rendered":"<p>Judith PEEL studied the oboe under Jean-Claude JABOULAY at the C.R.R. of Paris, and under H\u00e9l\u00e8ne DEVILLENEUVE at the Hector Berlioz Conservatory before honing her play in Switzerland under Jean-Louis CAPEZZALI at the Haute Ecole de Musique of Lausanne where she obtained two Master\u2019s Degrees, Interpretation and Orchestra. Her work with different orchestras such as<\/p>\n<div><a class=\"btn-filled btn\" href=\"https:\/\/ensembleregards.com\/en\/ensemble\/musicians\/judith-peel\/\" title=\"Judith PEEL\">Read More<\/a><\/div>\n","protected":false},"author":5,"featured_media":0,"parent":34,"menu_order":13,"comment_status":"closed","ping_status":"closed","template":"","meta":{"om_disable_all_campaigns":false,"_monsterinsights_skip_tracking":false,"_monsterinsights_sitenote_active":false,"_monsterinsights_sitenote_note":"","_monsterinsights_sitenote_category":0},"aioseo_notices":[],"_links":{"self":[{"href":"https:\/\/ensembleregards.com\/en\/wp-json\/wp\/v2\/pages\/509"}],"collection":[{"href":"https:\/\/ensembleregards.com\/en\/wp-json\/wp\/v2\/pages"}],"about":[{"href":"https:\/\/ensembleregards.com\/en\/wp-json\/wp\/v2\/types\/page"}],"author":[{"embeddable":true,"href":"https:\/\/ensembleregards.com\/en\/wp-json\/wp\/v2\/users\/5"}],"replies":[{"embeddable":true,"href":"https:\/\/ensembleregards.com\/en\/wp-json\/wp\/v2\/comments?post=509"}],"version-history":[{"count":3,"href":"https:\/\/ensembleregards.com\/en\/wp-json\/wp\/v2\/pages\/509\/revisions"}],"predecessor-version":[{"id":530,"href":"https:\/\/ensembleregards.com\/en\/wp-json\/wp\/v2\/pages\/509\/revisions\/530"}],"up":[{"embeddable":true,"href":"https:\/\/ensembleregards.com\/en\/wp-json\/wp\/v2\/pages\/34"}],"wp:attachment":[{"href":"https:\/\/ensembleregards.com\/en\/wp-json\/wp\/v2\/media?parent=509"}],"curies":[{"name":"wp","href":"https:\/\/api.w.org\/{rel}","templated":true}]}}