{"id":515,"date":"2014-11-23T18:36:33","date_gmt":"2014-11-23T18:36:33","guid":{"rendered":"http:\/\/ensembleregards.com\/?page_id=515"},"modified":"2014-11-27T00:08:38","modified_gmt":"2014-11-27T00:08:38","slug":"eun-joo-lee","status":"publish","type":"page","link":"https:\/\/ensembleregards.com\/en\/ensemble\/musicians\/eun-joo-lee\/","title":{"rendered":"Eun Joo Lee"},"content":{"rendered":"<p><a href=\"https:\/\/ensembleregards.com\/wp-content\/uploads\/2014\/11\/Eun-Joo-LEE.jpg\"><img loading=\"lazy\" class=\"size-full wp-image-516 alignleft\" src=\"https:\/\/ensembleregards.com\/wp-content\/uploads\/2014\/11\/Eun-Joo-LEE.jpg\" alt=\"SONY DSC\" width=\"345\" height=\"235\" \/><\/a>N\u00e9e en \u00e0 S\u00e9oul, Cor\u00e9e du Sud, Eun Joo LEE commence le violon \u00e0 l\u2019\u00e2ge de 7 ans. Elle entre\u00a0au coll\u00e8ge Ye-won school en 2001 et puis au lyc\u00e9e Seoul Arts High School en 2004. Elle \u00e9tudie en\u00a0Cor\u00e9e avec Won-jung LEE, Ho-young PI, Sung-sik YANG.<\/p>\n<p>Tr\u00e8s passionn\u00e9e pour voir le grand monde international, elle d\u00e9cide de partir \u00e0 Paris pour \u00e9tudier la musique en 2008. En m\u00eame ann\u00e9e, elle est admise au CNSM de Paris \u00e0 l&#8217;unanimit\u00e9, dans la classe de Roland Daugareil (Suzanne Gessner, Christophe Poiget, Serge Pataud). Elle obtient le dipl\u00f4me de la licence avec la mention tr\u00e8s bien \u00e0 l&#8217;unanimit\u00e9 et celui du Master avec la mention tr\u00e8s bien \u00e0 l&#8217;unanimit\u00e9 avec les f\u00e9licitations du jury.\u00a0Elle poursuit actuellement ses \u00e9tudes de DAI(Dipl\u00f4me d&#8217;artistes interpr\u00e8tes) du 3\u00e8me cycle au CNSM de Paris dans la classe de Hae-sun Kang.<\/p>\n<p>Pour la musique de chambre, elle a travaill\u00e9 avec de grands artistes tels que Pierre-Laurent Aimard, Michel Strauss, Hae-Sun Kang, Jean Sulem, Marc Coppey, Vladimir Mendelssohn.\u00a0Pour le travail d\u2019orchestre, elle a jou\u00e9 au sein d\u2019orchestres parisiens comme l&#8217;Orchestre de Paris et l&#8217;Orchestre Philharmonique de Radio France sous la baguette de grands chefs tels Esa Pekka Salonen, Chung Myung-whun, Christoph Eschenbach, Paavo Jarvi..\u00a0Elle a particip\u00e9 \u00e0 nombreuses masterclasses pour travailler avec Igor Ozim, Pavel Vernikov, Michael Frischenschlager, Tedi Papavrami, Patrice Fontanarosa.<\/p>\n<p>Egalement tr\u00e8s motiv\u00e9e par la musique contemporaine, elle a particip\u00e9 \u00e0 l\u2019acad\u00e9mie de Lucerne Festival en 2012 sous la baguette de Pierre Boulez, Peter E\u00f6tv\u00f6s et aux projets du cursus \u00e0 l\u2019IRCAM avec de talentueux compositeurs tels que Sampo Haapam\u00e4ki et Violeta Cruz.\u00a0Elle remporte le premier prix du concours Vatelot-Rampal en 2010 \u00e0 Paris et le premier prix<br \/>\ndu concours Leopold Bellan en 2013.\u00a0Elle est invit\u00e9 aux nombreux festiavals tels que \u00abManifest\u00bb \u00e0 Paris, \u00abFestival Messiaen au pays de la Meije\u00bb\u00a0Elle a jou\u00e9 en soliste le concerto pour violon et orchestre, &#8220;L&#8217;arbre des songes&#8221; de Henri Dutilleux \u00e0 la cit\u00e9 de la musique en 2014. Elle s\u2019est produit en rempla\u00e7ante avec l\u2019Ensemble Intercontemporain sous la bagette de Matthias Pintscher \u00e0 Strasbourg. Elle se produit des concerts, r\u00e9citals, en musique de chambre et en solo, en Europe et en Cor\u00e9e.<\/p>","protected":false},"excerpt":{"rendered":"<p>N\u00e9e en \u00e0 S\u00e9oul, Cor\u00e9e du Sud, Eun Joo LEE commence le violon \u00e0 l\u2019\u00e2ge de 7 ans. Elle entre\u00a0au coll\u00e8ge Ye-won school en 2001 et puis au lyc\u00e9e Seoul Arts High School en 2004. Elle \u00e9tudie en\u00a0Cor\u00e9e avec Won-jung LEE, Ho-young PI, Sung-sik YANG. Tr\u00e8s passionn\u00e9e pour voir le grand monde international, elle d\u00e9cide<\/p>\n<div><a class=\"btn-filled btn\" href=\"https:\/\/ensembleregards.com\/en\/ensemble\/musicians\/eun-joo-lee\/\" title=\"Eun Joo Lee\">Read More<\/a><\/div>\n","protected":false},"author":5,"featured_media":0,"parent":34,"menu_order":23,"comment_status":"closed","ping_status":"closed","template":"","meta":{"om_disable_all_campaigns":false,"_monsterinsights_skip_tracking":false,"_monsterinsights_sitenote_active":false,"_monsterinsights_sitenote_note":"","_monsterinsights_sitenote_category":0},"aioseo_notices":[],"_links":{"self":[{"href":"https:\/\/ensembleregards.com\/en\/wp-json\/wp\/v2\/pages\/515"}],"collection":[{"href":"https:\/\/ensembleregards.com\/en\/wp-json\/wp\/v2\/pages"}],"about":[{"href":"https:\/\/ensembleregards.com\/en\/wp-json\/wp\/v2\/types\/page"}],"author":[{"embeddable":true,"href":"https:\/\/ensembleregards.com\/en\/wp-json\/wp\/v2\/users\/5"}],"replies":[{"embeddable":true,"href":"https:\/\/ensembleregards.com\/en\/wp-json\/wp\/v2\/comments?post=515"}],"version-history":[{"count":4,"href":"https:\/\/ensembleregards.com\/en\/wp-json\/wp\/v2\/pages\/515\/revisions"}],"predecessor-version":[{"id":546,"href":"https:\/\/ensembleregards.com\/en\/wp-json\/wp\/v2\/pages\/515\/revisions\/546"}],"up":[{"embeddable":true,"href":"https:\/\/ensembleregards.com\/en\/wp-json\/wp\/v2\/pages\/34"}],"wp:attachment":[{"href":"https:\/\/ensembleregards.com\/en\/wp-json\/wp\/v2\/media?parent=515"}],"curies":[{"name":"wp","href":"https:\/\/api.w.org\/{rel}","templated":true}]}}