{"id":519,"date":"2014-11-23T18:45:14","date_gmt":"2014-11-23T18:45:14","guid":{"rendered":"http:\/\/ensembleregards.com\/?page_id=519"},"modified":"2018-03-08T22:45:05","modified_gmt":"2018-03-08T22:45:05","slug":"aya-kono","status":"publish","type":"page","link":"https:\/\/ensembleregards.com\/en\/ensemble\/musicians\/aya-kono\/","title":{"rendered":"Aya Kono"},"content":{"rendered":"<p><img loading=\"lazy\" class=\"alignnone size-medium wp-image-1283\" src=\"https:\/\/ensembleregards.com\/wp-content\/uploads\/2018\/03\/Aya_kono-1-300x239.jpg\" alt=\"\" width=\"300\" height=\"239\" srcset=\"https:\/\/ensembleregards.com\/wp-content\/uploads\/2018\/03\/Aya_kono-1-300x239.jpg 300w, https:\/\/ensembleregards.com\/wp-content\/uploads\/2018\/03\/Aya_kono-1-768x611.jpg 768w, https:\/\/ensembleregards.com\/wp-content\/uploads\/2018\/03\/Aya_kono-1-400x318.jpg 400w, https:\/\/ensembleregards.com\/wp-content\/uploads\/2018\/03\/Aya_kono-1.jpg 960w\" sizes=\"(max-width: 300px) 100vw, 300px\" \/><\/p>\n<p><strong>Aya KONO<\/strong>\u00a0est n\u00e9e \u00e0 Kyoto\u00a0; elle est dipl\u00f4m\u00e9e de l&#8217;Universit\u00e9 de Toho Gakuen au Japon.<\/p>\n<p>Depuis l&#8217;automne 2010, elle se perfectionne \u00e0 Paris avec Devy Erlih \u00e0 l&#8217;\u00c9cole Normale de Musique de Paris, et avec Patrice Fontanarosa \u00e0 la Schola Cantorum.<\/p>\n<p>En juin 2015, Aya est dipl\u00f4m\u00e9e du 2<sup>e\u00a0<\/sup>cycle de violon (Master) au Conservatoire de Paris, dans la classe d&#8217;Olivier Charlier et Joanna Matkowska. Elle prend part r\u00e9guli\u00e8rement aux ateliers du XX<sup>e<\/sup>\u00a0si\u00e8cle sous la direction de Jeanne-Marie Conquer. Passionn\u00e9e par le fait de nouer et incarner un lien fertile entre des cultures diff\u00e9rentes, c\u2019est naturellement qu\u2019elle tisse les passerelles entre musique classique et contemporaine\u00a0; Aya se produit r\u00e9guli\u00e8rement en musique de chambre et participe \u00e0 de nombreux projets du r\u00e9pertoire des XX<sup>e<\/sup>\u00a0&#8211; XXI<sup>e\u00a0<\/sup>si\u00e8cles, notamment les cr\u00e9ations.<\/p>\n<p>Elle est invit\u00e9e \u00e0 se produire dans de nombreux festivals et sc\u00e8nes comme le Festival Printemps des arts de Monte-Carlo, les F\u00eates musicales de l\u2019Aubrac, le Konzerthaus \u00e0 Vienne, la Philharmonie de Paris, et la Cit\u00e9 de la Musique o\u00f9 elle a interpr\u00e9t\u00e9\u00a0<em>Corale<\/em>\u00a0de Luciano Berio avec l\u2019Orchestre des laur\u00e9ats de Conservatoire de Paris.<\/p>\n<p>Elle remporte les premiers prix en musique de chambre aux concours de Brest, L\u00e9opold Bellan, et Luigi Zanuccoli.<\/p>\n<p>Elle termine un 3<sup>e<\/sup>cycle au Conservatoire de Paris en DAI contemporain dans la classe de Hae-Sun Kang\u00a0; elle est \u00e9galement en Master de musique de chambre dans la classe\u00a0<a name=\"m_6779916573979977759_m_6913273928523416893__GoBack\"><\/a>de Fran\u00e7ois Salque et au CRR de Paris dans la classe de musique de chambre d\u2019Emmanuel Strosser.<\/p>\n<div class=\"yj6qo\"><\/div>\n","protected":false},"excerpt":{"rendered":"<p>Aya KONO\u00a0est n\u00e9e \u00e0 Kyoto\u00a0; elle est dipl\u00f4m\u00e9e de l&#8217;Universit\u00e9 de Toho Gakuen au Japon. Depuis l&#8217;automne 2010, elle se perfectionne \u00e0 Paris avec Devy Erlih \u00e0 l&#8217;\u00c9cole Normale de Musique de Paris, et avec Patrice Fontanarosa \u00e0 la Schola Cantorum. En juin 2015, Aya est dipl\u00f4m\u00e9e du 2e\u00a0cycle de violon (Master) au Conservatoire de<\/p>\n<div><a class=\"btn-filled btn\" href=\"https:\/\/ensembleregards.com\/en\/ensemble\/musicians\/aya-kono\/\" title=\"Aya Kono\">Read More<\/a><\/div>\n","protected":false},"author":5,"featured_media":0,"parent":34,"menu_order":24,"comment_status":"closed","ping_status":"closed","template":"","meta":{"om_disable_all_campaigns":false,"_monsterinsights_skip_tracking":false,"_monsterinsights_sitenote_active":false,"_monsterinsights_sitenote_note":"","_monsterinsights_sitenote_category":0},"aioseo_notices":[],"_links":{"self":[{"href":"https:\/\/ensembleregards.com\/en\/wp-json\/wp\/v2\/pages\/519"}],"collection":[{"href":"https:\/\/ensembleregards.com\/en\/wp-json\/wp\/v2\/pages"}],"about":[{"href":"https:\/\/ensembleregards.com\/en\/wp-json\/wp\/v2\/types\/page"}],"author":[{"embeddable":true,"href":"https:\/\/ensembleregards.com\/en\/wp-json\/wp\/v2\/users\/5"}],"replies":[{"embeddable":true,"href":"https:\/\/ensembleregards.com\/en\/wp-json\/wp\/v2\/comments?post=519"}],"version-history":[{"count":5,"href":"https:\/\/ensembleregards.com\/en\/wp-json\/wp\/v2\/pages\/519\/revisions"}],"predecessor-version":[{"id":1285,"href":"https:\/\/ensembleregards.com\/en\/wp-json\/wp\/v2\/pages\/519\/revisions\/1285"}],"up":[{"embeddable":true,"href":"https:\/\/ensembleregards.com\/en\/wp-json\/wp\/v2\/pages\/34"}],"wp:attachment":[{"href":"https:\/\/ensembleregards.com\/en\/wp-json\/wp\/v2\/media?parent=519"}],"curies":[{"name":"wp","href":"https:\/\/api.w.org\/{rel}","templated":true}]}}