{"id":532,"date":"2014-11-23T21:29:10","date_gmt":"2014-11-23T21:29:10","guid":{"rendered":"http:\/\/ensembleregards.com\/?page_id=532"},"modified":"2014-11-23T23:50:44","modified_gmt":"2014-11-23T23:50:44","slug":"kostia-bourreau","status":"publish","type":"page","link":"https:\/\/ensembleregards.com\/en\/ensemble\/musicians\/kostia-bourreau\/","title":{"rendered":"Kostia Bourreau"},"content":{"rendered":"<p><\/p>\n<p><a href=\"https:\/\/ensembleregards.com\/wp-content\/uploads\/2014\/11\/Kostia-BOURREAU.jpg\"><img loading=\"lazy\" class=\"size-full wp-image-533 alignleft\" src=\"https:\/\/ensembleregards.com\/wp-content\/uploads\/2014\/11\/Kostia-BOURREAU.jpg\" alt=\"Kostia BOURREAU\" width=\"285\" height=\"375\" \/><\/a>Originaire de Tours,  Kostia BOURREAU d\u00e9bute tr\u00e8s t\u00f4t l&#8217;apprentissage de la musique, d&#8217;abord par le piano, avant de s&#8217;orienter vers le cor, ce qui le m\u00e8nera quelques ann\u00e9es plus tard \u00e0 obtenir son DFS du CNSM de Paris, dans la classe d&#8217;Andr\u00e9 Cazalet.<br \/>\nSes ann\u00e9es pass\u00e9es au conservatoire lui ont permis de s&#8217;initier aux ondes Martenot avec V. Hartmann-Claverie, au gamelan javanais avec G.Delebarre ou encore de participer aux ateliers jazz&#038;musiques improvis\u00e9es avec G.Ferris.<br \/>\nIl b\u00e9n\u00e9ficie \u00e9galement des conseils de J.McManama ou encore M.Bourgue pour la musique de chambre.<\/p>\n<p>Corniste free-lance, il est r\u00e9guli\u00e8rement invit\u00e9 pas les principaux orchestres fran\u00e7ais, \u00e0 d\u00e9j\u00e0 eu la chance  de travailler sous la baguette de chefs prestigieux :  P. Boulez, S.Bychkov, M.W Chung, V.Gergiev, E.P Salonen\u2026de se produire dans les plus belles salles : Carnegie Hall de New York, Musikverein de Vienne, KKL de Lucerne, Concertgebouw d&#8217;Amsterdam\u2026et de participer \u00e0 de nombeux festivals : Festival de Verbier, Fl\u00e2neries musicales de Reims, Festival de P\u00e2ques de Deauville&#8230;<\/p>\n<p>Son engagement pour la musique et la cr\u00e9ation contemporaine l&#8217;ont amen\u00e9 a participer en 2005&#038;2007 \u00e0 l&#8217;acad\u00e9mie du Festival de Lucerne, encadr\u00e9 par les musiciens de l&#8217;Ensemble Intercontemporain.<br \/>\nOutre Pierre Boulez, il a \u00e9galement travaill\u00e9 et jou\u00e9 sous la direction de sp\u00e9cialistes du r\u00e9pertoire du XXe si\u00e8cle :  P. E\u00f6tv\u00f6s, M.Gielen, H.Holliger, S.M\u00e4lkki&#8230;<br \/>\nEn janvier 2014, il cr\u00e9e la pi\u00e8ce Isis et Osiris de Jacques Lenot, pour septuor \u00e0 vents et dispositif \u00e9lectronique, commande de l&#8217;IRCAM. <\/p>\n<p>Musicien polyvalent et \u00e9clectique, il a collabor\u00e9 avec de nombreux artistes, que ce soit dans le domaine du jazz, th\u00e9\u00e2tre, musiques actuelles, com\u00e9dies musicales, pop, rock : J\u00e9r\u00f4me Savary, M\u00e9d\u00e9ric Collignon, Stanislas, Le Sacre du Tympan, Dick Annegarn, M83&#8230;<\/p>\n<p><\/p>","protected":false},"excerpt":{"rendered":"<p>Originaire de Tours, Kostia BOURREAU d\u00e9bute tr\u00e8s t\u00f4t l&#8217;apprentissage de la musique, d&#8217;abord par le piano, avant de s&#8217;orienter vers le cor, ce qui le m\u00e8nera quelques ann\u00e9es plus tard \u00e0 obtenir son DFS du CNSM de Paris, dans la classe d&#8217;Andr\u00e9 Cazalet. Ses ann\u00e9es pass\u00e9es au conservatoire lui ont permis de s&#8217;initier aux ondes<\/p>\n<div><a class=\"btn-filled btn\" href=\"https:\/\/ensembleregards.com\/en\/ensemble\/musicians\/kostia-bourreau\/\" title=\"Kostia Bourreau\">Read More<\/a><\/div>\n","protected":false},"author":5,"featured_media":0,"parent":34,"menu_order":20,"comment_status":"closed","ping_status":"closed","template":"","meta":{"om_disable_all_campaigns":false,"_monsterinsights_skip_tracking":false,"_monsterinsights_sitenote_active":false,"_monsterinsights_sitenote_note":"","_monsterinsights_sitenote_category":0},"aioseo_notices":[],"_links":{"self":[{"href":"https:\/\/ensembleregards.com\/en\/wp-json\/wp\/v2\/pages\/532"}],"collection":[{"href":"https:\/\/ensembleregards.com\/en\/wp-json\/wp\/v2\/pages"}],"about":[{"href":"https:\/\/ensembleregards.com\/en\/wp-json\/wp\/v2\/types\/page"}],"author":[{"embeddable":true,"href":"https:\/\/ensembleregards.com\/en\/wp-json\/wp\/v2\/users\/5"}],"replies":[{"embeddable":true,"href":"https:\/\/ensembleregards.com\/en\/wp-json\/wp\/v2\/comments?post=532"}],"version-history":[{"count":3,"href":"https:\/\/ensembleregards.com\/en\/wp-json\/wp\/v2\/pages\/532\/revisions"}],"predecessor-version":[{"id":537,"href":"https:\/\/ensembleregards.com\/en\/wp-json\/wp\/v2\/pages\/532\/revisions\/537"}],"up":[{"embeddable":true,"href":"https:\/\/ensembleregards.com\/en\/wp-json\/wp\/v2\/pages\/34"}],"wp:attachment":[{"href":"https:\/\/ensembleregards.com\/en\/wp-json\/wp\/v2\/media?parent=532"}],"curies":[{"name":"wp","href":"https:\/\/api.w.org\/{rel}","templated":true}]}}