{"id":548,"date":"2014-11-28T23:13:06","date_gmt":"2014-11-28T23:13:06","guid":{"rendered":"http:\/\/ensembleregards.com\/?page_id=548"},"modified":"2014-11-28T23:13:06","modified_gmt":"2014-11-28T23:13:06","slug":"natalianne-boucher","status":"publish","type":"page","link":"https:\/\/ensembleregards.com\/en\/ensemble\/technical-team\/natalianne-boucher\/","title":{"rendered":"Natalianne Boucher"},"content":{"rendered":"<p><a href=\"https:\/\/ensembleregards.com\/wp-content\/uploads\/2014\/11\/natalianne.jpg\"><img loading=\"lazy\" class=\"size-full wp-image-547 alignleft\" src=\"https:\/\/ensembleregards.com\/wp-content\/uploads\/2014\/11\/natalianne.jpg\" alt=\"natalianne\" width=\"272\" height=\"272\" srcset=\"https:\/\/ensembleregards.com\/wp-content\/uploads\/2014\/11\/natalianne.jpg 543w, https:\/\/ensembleregards.com\/wp-content\/uploads\/2014\/11\/natalianne-150x150.jpg 150w, https:\/\/ensembleregards.com\/wp-content\/uploads\/2014\/11\/natalianne-300x300.jpg 300w, https:\/\/ensembleregards.com\/wp-content\/uploads\/2014\/11\/natalianne-75x75.jpg 75w, https:\/\/ensembleregards.com\/wp-content\/uploads\/2014\/11\/natalianne-400x400.jpg 400w, https:\/\/ensembleregards.com\/wp-content\/uploads\/2014\/11\/natalianne-144x144.jpg 144w, https:\/\/ensembleregards.com\/wp-content\/uploads\/2014\/11\/natalianne-50x50.jpg 50w, https:\/\/ensembleregards.com\/wp-content\/uploads\/2014\/11\/natalianne-100x100.jpg 100w\" sizes=\"(max-width: 272px) 100vw, 272px\" \/><\/a>Natalianne studied animation cinema at Ensad. Meanwhile, she worked as director, video maker, film editor and animator with dance\/theatre companies, live shows and audiovisual productions, or private commissions (Nuit Blanche, Glodsmiths University, Cie Bissextile, Cie Troisi\u00e8me G\u00e9n\u00e9ration, P. Starck, Robin Production, L&#8217;Oeil de la Photographie\u2026). Multidisciplinary, she is interested in movement, cinema, living arts and video, music\/image connections and in contemporary animation techniques.<\/p>\n<p><a title=\"http:\/\/cargocollective.com\/natalianneboucher\" href=\"http:\/\/cargocollective.com\/natalianneboucher\" target=\"_blank\">http:\/\/cargocollective.com\/natalianneboucher<\/a><\/p>","protected":false},"excerpt":{"rendered":"<p>Natalianne studied animation cinema at Ensad. Meanwhile, she worked as director, video maker, film editor and animator with dance\/theatre companies, live shows and audiovisual productions, or private commissions (Nuit Blanche, Glodsmiths University, Cie Bissextile, Cie Troisi\u00e8me G\u00e9n\u00e9ration, P. Starck, Robin Production, L&#8217;Oeil de la Photographie\u2026). Multidisciplinary, she is interested in movement, cinema, living arts and<\/p>\n<div><a class=\"btn-filled btn\" href=\"https:\/\/ensembleregards.com\/en\/ensemble\/technical-team\/natalianne-boucher\/\" title=\"Natalianne Boucher\">Read More<\/a><\/div>\n","protected":false},"author":5,"featured_media":0,"parent":397,"menu_order":2,"comment_status":"closed","ping_status":"closed","template":"","meta":{"om_disable_all_campaigns":false,"_monsterinsights_skip_tracking":false,"_monsterinsights_sitenote_active":false,"_monsterinsights_sitenote_note":"","_monsterinsights_sitenote_category":0},"aioseo_notices":[],"_links":{"self":[{"href":"https:\/\/ensembleregards.com\/en\/wp-json\/wp\/v2\/pages\/548"}],"collection":[{"href":"https:\/\/ensembleregards.com\/en\/wp-json\/wp\/v2\/pages"}],"about":[{"href":"https:\/\/ensembleregards.com\/en\/wp-json\/wp\/v2\/types\/page"}],"author":[{"embeddable":true,"href":"https:\/\/ensembleregards.com\/en\/wp-json\/wp\/v2\/users\/5"}],"replies":[{"embeddable":true,"href":"https:\/\/ensembleregards.com\/en\/wp-json\/wp\/v2\/comments?post=548"}],"version-history":[{"count":2,"href":"https:\/\/ensembleregards.com\/en\/wp-json\/wp\/v2\/pages\/548\/revisions"}],"predecessor-version":[{"id":550,"href":"https:\/\/ensembleregards.com\/en\/wp-json\/wp\/v2\/pages\/548\/revisions\/550"}],"up":[{"embeddable":true,"href":"https:\/\/ensembleregards.com\/en\/wp-json\/wp\/v2\/pages\/397"}],"wp:attachment":[{"href":"https:\/\/ensembleregards.com\/en\/wp-json\/wp\/v2\/media?parent=548"}],"curies":[{"name":"wp","href":"https:\/\/api.w.org\/{rel}","templated":true}]}}