{"id":56,"date":"2014-09-10T15:39:01","date_gmt":"2014-09-10T15:39:01","guid":{"rendered":"http:\/\/ensembleregards.com\/?page_id=56&#038;lang=en"},"modified":"2018-03-30T15:22:32","modified_gmt":"2018-03-30T15:22:32","slug":"keita-matsumiya","status":"publish","type":"page","link":"https:\/\/ensembleregards.com\/en\/ensemble\/composers\/keita-matsumiya\/","title":{"rendered":"Keita Matsumiya"},"content":{"rendered":"<p><a href=\"https:\/\/ensembleregards.com\/wp-content\/uploads\/2014\/09\/keita-matsumiya.png\"><img loading=\"lazy\" class=\"size-medium wp-image-58 alignleft\" src=\"https:\/\/ensembleregards.com\/wp-content\/uploads\/2014\/09\/keita-matsumiya-229x300.png\" alt=\"keita-matsumiya\" width=\"229\" height=\"300\" srcset=\"https:\/\/ensembleregards.com\/wp-content\/uploads\/2014\/09\/keita-matsumiya-229x300.png 229w, https:\/\/ensembleregards.com\/wp-content\/uploads\/2014\/09\/keita-matsumiya-782x1024.png 782w, https:\/\/ensembleregards.com\/wp-content\/uploads\/2014\/09\/keita-matsumiya-382x500.png 382w, https:\/\/ensembleregards.com\/wp-content\/uploads\/2014\/09\/keita-matsumiya-900x1177.png 900w, https:\/\/ensembleregards.com\/wp-content\/uploads\/2014\/09\/keita-matsumiya.png 1280w\" sizes=\"(max-width: 229px) 100vw, 229px\" \/><\/a><\/p>\n<p>Keita Matsumiya (b.1980\/Japan) is a composer and a sound artist woking in the field of instrumental, electroacoustic and mixed music.<\/p>\n<p>He received his BA (musicology \/2004 ) from Aichi Prefectural University of Fine Arts and Music, his MA (Intermedia art \/2006) from Tokyo University of the Arts, and his BA and MA (Composition \/ 2013), and MA (musical analysis \/ 2016) from the Conservatoire de Paris in France. He has studied under Kiyoshi Furukawa, Masakazu Natsuda, Allain Gaussin, Fr\u00e9d\u00e9ric Durieux, G\u00e9rard Pesson, Luis Naon, Claude Ledoux and Michael Levinas. He has also studied computer music at the IRCAM in 2012.<\/p>\n<p>His pieces have been awarded the Takefu Composition Award at \u00ab Takefu International Music Festival 2010 \u00bb (Japan) and the honorary mention of \u00ab Prix Destellos 2015 \u00bb (Argentina), and selected at numerous music festivals in Europe and Asia such as \u201cKlangspuren 2012\u201d (Austria), \u201cCentre Acanthe 2011\u201d(France), \u201cTongyang International Music Festival 2012\u201d(Korea), \u201cTokyo Wonder Site 2013\u201c (Japan) and performed at Ars Musica 2015 (belgium), Festival Mixtur 2016 (Spain), IRCAM (France), Buckchon Changwoo Theater, Seul (Korea), Tokyo Bunka Kaikan (Japan) and Phonotheca Lisboa (Portugal).<\/p>\n<p>He has composed for several formations of musics and has operated his music at concerts such as \u201cLa porte ouverte 2014\u201d with Ensemble Regards (France), and stage music with Butoh Dairakudakan on their Kochuten spectacle \u201cASURA\u201d in 2015 (Japan). He received grants from Rohm Music Foundation (Japan) and Mayer Foundation (France). He belongs to the Franco-Japan Association of contemporary music as an office worker in Paris. His scores are available at the Edition Temp\u00e9raments.<\/p>\n<p><a title=\"http:\/\/keita-matsumiya.com\" href=\"http:\/\/keita-matsumiya.com\" target=\"_blank\">http:\/\/keita-matsumiya.com<\/a><\/p>","protected":false},"excerpt":{"rendered":"<p>Keita Matsumiya (b.1980\/Japan) is a composer and a sound artist woking in the field of instrumental, electroacoustic and mixed music. He received his BA (musicology \/2004 ) from Aichi Prefectural University of Fine Arts and Music, his MA (Intermedia art \/2006) from Tokyo University of the Arts, and his BA and MA (Composition \/ 2013),<\/p>\n<div><a class=\"btn-filled btn\" href=\"https:\/\/ensembleregards.com\/en\/ensemble\/composers\/keita-matsumiya\/\" title=\"Keita Matsumiya\">Read More<\/a><\/div>\n","protected":false},"author":5,"featured_media":0,"parent":31,"menu_order":5,"comment_status":"closed","ping_status":"closed","template":"","meta":{"om_disable_all_campaigns":false,"_monsterinsights_skip_tracking":false,"_monsterinsights_sitenote_active":false,"_monsterinsights_sitenote_note":"","_monsterinsights_sitenote_category":0},"aioseo_notices":[],"_links":{"self":[{"href":"https:\/\/ensembleregards.com\/en\/wp-json\/wp\/v2\/pages\/56"}],"collection":[{"href":"https:\/\/ensembleregards.com\/en\/wp-json\/wp\/v2\/pages"}],"about":[{"href":"https:\/\/ensembleregards.com\/en\/wp-json\/wp\/v2\/types\/page"}],"author":[{"embeddable":true,"href":"https:\/\/ensembleregards.com\/en\/wp-json\/wp\/v2\/users\/5"}],"replies":[{"embeddable":true,"href":"https:\/\/ensembleregards.com\/en\/wp-json\/wp\/v2\/comments?post=56"}],"version-history":[{"count":14,"href":"https:\/\/ensembleregards.com\/en\/wp-json\/wp\/v2\/pages\/56\/revisions"}],"predecessor-version":[{"id":1287,"href":"https:\/\/ensembleregards.com\/en\/wp-json\/wp\/v2\/pages\/56\/revisions\/1287"}],"up":[{"embeddable":true,"href":"https:\/\/ensembleregards.com\/en\/wp-json\/wp\/v2\/pages\/31"}],"wp:attachment":[{"href":"https:\/\/ensembleregards.com\/en\/wp-json\/wp\/v2\/media?parent=56"}],"curies":[{"name":"wp","href":"https:\/\/api.w.org\/{rel}","templated":true}]}}