{"id":60,"date":"2014-09-10T15:40:20","date_gmt":"2014-09-10T15:40:20","guid":{"rendered":"http:\/\/ensembleregards.com\/?page_id=60&#038;lang=en"},"modified":"2016-12-04T19:59:21","modified_gmt":"2016-12-04T19:59:21","slug":"hiromi-watanabe","status":"publish","type":"page","link":"https:\/\/ensembleregards.com\/en\/ensemble\/composers\/hiromi-watanabe\/","title":{"rendered":"Hiromi Watanabe"},"content":{"rendered":"<p>Composition \/ Sound Design<\/p>\n<p><a href=\"https:\/\/ensembleregards.com\/wp-content\/uploads\/2014\/09\/Hiromi-Watanabe.jpg\"><img loading=\"lazy\" class=\"size-medium wp-image-61 alignleft\" src=\"https:\/\/ensembleregards.com\/wp-content\/uploads\/2014\/09\/Hiromi-Watanabe-224x300.jpg\" alt=\"Hiromi-Watanabe\" width=\"224\" height=\"300\" srcset=\"https:\/\/ensembleregards.com\/wp-content\/uploads\/2014\/09\/Hiromi-Watanabe-224x300.jpg 224w, https:\/\/ensembleregards.com\/wp-content\/uploads\/2014\/09\/Hiromi-Watanabe-767x1024.jpg 767w, https:\/\/ensembleregards.com\/wp-content\/uploads\/2014\/09\/Hiromi-Watanabe-374x500.jpg 374w, https:\/\/ensembleregards.com\/wp-content\/uploads\/2014\/09\/Hiromi-Watanabe-900x1200.jpg 900w, https:\/\/ensembleregards.com\/wp-content\/uploads\/2014\/09\/Hiromi-Watanabe.jpg 1181w\" sizes=\"(max-width: 224px) 100vw, 224px\" \/><\/a><\/p>\n<p>Born in Shizuoka (Japan), Hiromi Watanabe obtained a master\u2019s degree in musicology at the Tokyo University of Fine Arts and Music. After moving to Paris in 2007, she began to study the composition of electroacoustic music with R\u00e9gis Renouard-Larivi\u00e8re at the Conservatoire Municipal du 7e arrondissement de Paris \u2013 \u00c9rik Satie and with Christine Groult at the Conservatoire \u00e0 Rayonnement D\u00e9partemental de Pantin where she obtained a diploma of DEM with a SACEM Scholarship in 2012. She obtained master\u2019s degree in computer music at the University of Saint-\u00c9tienne. She is currently student at the University of Paris 8.<\/p>\n<p>In addition, she participated in several workshops for electroacoustic music including a spatialization workshop at Musiques et recherches in 2009, a field recording workshop in 2011 at GMVL, a computer music workshop of the Academy Manifeste at IRCAM and an acousmatic interpretation workshop in 2012 and 2014 at Futura.<\/p>\n<p>Hiromi Watanabe\u2019s music, based on electroacoustic music, develops illusionary spaces and sound colors in connection with the distinctive gestures inherent to different materials. She was awarded the Prix ACSM116 by the chairman of the jury, Bertrand Dubedout at the CCMC 2011. Her works have been selected and performed at many concerts and festivals such as Festival Futura 2011 (Crest, France), Banc d\u2019essai 2013 of Ina-GRM (Paris, France), CCMC 2014 (Tokyo, Japan), NYCEMF 2016 (New York, USA), ICMC 2016 (Utrecht, Netherlands), etc\u2026.<\/p>\n<p><a title=\"http:\/\/hiromiwatanabe.com\" href=\"http:\/\/hiromiwatanabe.com\" target=\"_blank\">http:\/\/hiromiwatanabe.com<\/a><\/p>","protected":false},"excerpt":{"rendered":"<p>Composition \/ Sound Design Born in Shizuoka (Japan), Hiromi Watanabe obtained a master\u2019s degree in musicology at the Tokyo University of Fine Arts and Music. After moving to Paris in 2007, she began to study the composition of electroacoustic music with R\u00e9gis Renouard-Larivi\u00e8re at the Conservatoire Municipal du 7e arrondissement de Paris \u2013 \u00c9rik Satie<\/p>\n<div><a class=\"btn-filled btn\" href=\"https:\/\/ensembleregards.com\/en\/ensemble\/composers\/hiromi-watanabe\/\" title=\"Hiromi Watanabe\">Read More<\/a><\/div>\n","protected":false},"author":5,"featured_media":0,"parent":31,"menu_order":6,"comment_status":"closed","ping_status":"closed","template":"","meta":{"om_disable_all_campaigns":false,"_monsterinsights_skip_tracking":false,"_monsterinsights_sitenote_active":false,"_monsterinsights_sitenote_note":"","_monsterinsights_sitenote_category":0},"aioseo_notices":[],"_links":{"self":[{"href":"https:\/\/ensembleregards.com\/en\/wp-json\/wp\/v2\/pages\/60"}],"collection":[{"href":"https:\/\/ensembleregards.com\/en\/wp-json\/wp\/v2\/pages"}],"about":[{"href":"https:\/\/ensembleregards.com\/en\/wp-json\/wp\/v2\/types\/page"}],"author":[{"embeddable":true,"href":"https:\/\/ensembleregards.com\/en\/wp-json\/wp\/v2\/users\/5"}],"replies":[{"embeddable":true,"href":"https:\/\/ensembleregards.com\/en\/wp-json\/wp\/v2\/comments?post=60"}],"version-history":[{"count":6,"href":"https:\/\/ensembleregards.com\/en\/wp-json\/wp\/v2\/pages\/60\/revisions"}],"predecessor-version":[{"id":1162,"href":"https:\/\/ensembleregards.com\/en\/wp-json\/wp\/v2\/pages\/60\/revisions\/1162"}],"up":[{"embeddable":true,"href":"https:\/\/ensembleregards.com\/en\/wp-json\/wp\/v2\/pages\/31"}],"wp:attachment":[{"href":"https:\/\/ensembleregards.com\/en\/wp-json\/wp\/v2\/media?parent=60"}],"curies":[{"name":"wp","href":"https:\/\/api.w.org\/{rel}","templated":true}]}}