{"id":622,"date":"2015-01-23T19:36:14","date_gmt":"2015-01-23T19:36:14","guid":{"rendered":"http:\/\/ensembleregards.com\/?page_id=622"},"modified":"2015-01-23T19:50:24","modified_gmt":"2015-01-23T19:50:24","slug":"fanny-vicens","status":"publish","type":"page","link":"https:\/\/ensembleregards.com\/en\/ensemble\/musicians\/fanny-vicens\/","title":{"rendered":"Fanny Vicens"},"content":{"rendered":"<p><\/p>\n<p><p><img loading=\"lazy\" class=\"size-full wp-image-623 alignleft\" src=\"https:\/\/ensembleregards.com\/wp-content\/uploads\/2015\/01\/Fanny-Vicens.jpg\" alt=\"Fanny Vicens\" width=\"284\" height=\"428\" srcset=\"https:\/\/ensembleregards.com\/wp-content\/uploads\/2015\/01\/Fanny-Vicens.jpg 2848w, https:\/\/ensembleregards.com\/wp-content\/uploads\/2015\/01\/Fanny-Vicens-199x300.jpg 199w, https:\/\/ensembleregards.com\/wp-content\/uploads\/2015\/01\/Fanny-Vicens-680x1024.jpg 680w, https:\/\/ensembleregards.com\/wp-content\/uploads\/2015\/01\/Fanny-Vicens-332x500.jpg 332w, https:\/\/ensembleregards.com\/wp-content\/uploads\/2015\/01\/Fanny-Vicens-100x150.jpg 100w, https:\/\/ensembleregards.com\/wp-content\/uploads\/2015\/01\/Fanny-Vicens-150x225.jpg 150w, https:\/\/ensembleregards.com\/wp-content\/uploads\/2015\/01\/Fanny-Vicens-200x301.jpg 200w, https:\/\/ensembleregards.com\/wp-content\/uploads\/2015\/01\/Fanny-Vicens-300x451.jpg 300w, https:\/\/ensembleregards.com\/wp-content\/uploads\/2015\/01\/Fanny-Vicens-450x677.jpg 450w, https:\/\/ensembleregards.com\/wp-content\/uploads\/2015\/01\/Fanny-Vicens-600x903.jpg 600w, https:\/\/ensembleregards.com\/wp-content\/uploads\/2015\/01\/Fanny-Vicens-900x1355.jpg 900w\" sizes=\"(max-width: 284px) 100vw, 284px\" \/><\/p>\n<p>First accordionist to be rewarded by Foundations Banque Populaire and Yehudi Menuhin, Fanny Vicens actively contributes to the development of the accordion and its contemporary repertoire. She studied accordion, piano and musicology in the Musikhochschulen Trossingen (Germany) and Lucerne (Switzerland), and the University of the Sorbonne, before making a post-graduate degree dedicated to contemporary repertoires and creation at the Paris Conservatory (CNSMDP).<\/p>\n<p>Fanny Vicens performs as soloist and chamber musician in more than ten countries, both in the contemporary repertoire and in early music (Frescobaldi, Rameau, Couperin, Bach&#8230;) and has been playing with more than twenty ensembles and orchestras throughout Europe, as well as working with current best directors. Mention may be made among them Intercontemporain Ensemble, Ensemble Modern, Ensemble Itineraire, Ensemble 2e2m, Orchestre Philharmonique du Luxembourg, Mannheim Opera, Opera Augsburg and the Nouvel Ensemble Contemporain, among others.<\/p>\n<p>She has been heard on major European stages and in many festivals (Philharmonie Luxembourg, IRCAM, Philharmonie K\u00f6ln, Montpellier Corum, KKL Lucerne, Konzerthaus Wien, Haus der Berliner Festspiele, Arsenal de Metz &#8230; ).<\/p>\n<p>Her artistic work has been awarded with the DAAD, the Kunststiftung Baden-W\u00fcrttemberg, Patronage Musical Soci\u00e9t\u00e9 G\u00e9n\u00e9rale.<\/p>\n<p>She was heard as a soloist in many accordion and piano concertos, among others, in the creation of a concerto by Chengbi An at Arsenal of Metz and in the concerto Spur by Arne Nordheim at the Cit\u00e9 de la Musique in January and February 2014.<\/p>\n<\/p>\n<p><\/p>","protected":false},"excerpt":{"rendered":"<p>First accordionist to be rewarded by Foundations Banque Populaire and Yehudi Menuhin, Fanny Vicens actively contributes to the development of the accordion and its contemporary repertoire. She studied accordion, piano and musicology in the Musikhochschulen Trossingen (Germany) and Lucerne (Switzerland), and the University of the Sorbonne, before making a post-graduate degree dedicated to contemporary repertoires<\/p>\n<div><a class=\"btn-filled btn\" href=\"https:\/\/ensembleregards.com\/en\/ensemble\/musicians\/fanny-vicens\/\" title=\"Fanny Vicens\">Read More<\/a><\/div>\n","protected":false},"author":5,"featured_media":0,"parent":34,"menu_order":0,"comment_status":"closed","ping_status":"closed","template":"","meta":{"om_disable_all_campaigns":false,"_monsterinsights_skip_tracking":false,"_monsterinsights_sitenote_active":false,"_monsterinsights_sitenote_note":"","_monsterinsights_sitenote_category":0},"aioseo_notices":[],"_links":{"self":[{"href":"https:\/\/ensembleregards.com\/en\/wp-json\/wp\/v2\/pages\/622"}],"collection":[{"href":"https:\/\/ensembleregards.com\/en\/wp-json\/wp\/v2\/pages"}],"about":[{"href":"https:\/\/ensembleregards.com\/en\/wp-json\/wp\/v2\/types\/page"}],"author":[{"embeddable":true,"href":"https:\/\/ensembleregards.com\/en\/wp-json\/wp\/v2\/users\/5"}],"replies":[{"embeddable":true,"href":"https:\/\/ensembleregards.com\/en\/wp-json\/wp\/v2\/comments?post=622"}],"version-history":[{"count":5,"href":"https:\/\/ensembleregards.com\/en\/wp-json\/wp\/v2\/pages\/622\/revisions"}],"predecessor-version":[{"id":637,"href":"https:\/\/ensembleregards.com\/en\/wp-json\/wp\/v2\/pages\/622\/revisions\/637"}],"up":[{"embeddable":true,"href":"https:\/\/ensembleregards.com\/en\/wp-json\/wp\/v2\/pages\/34"}],"wp:attachment":[{"href":"https:\/\/ensembleregards.com\/en\/wp-json\/wp\/v2\/media?parent=622"}],"curies":[{"name":"wp","href":"https:\/\/api.w.org\/{rel}","templated":true}]}}