{"id":630,"date":"2015-01-23T19:44:29","date_gmt":"2015-01-23T19:44:29","guid":{"rendered":"http:\/\/ensembleregards.com\/?page_id=630"},"modified":"2015-01-24T11:56:25","modified_gmt":"2015-01-24T11:56:25","slug":"luis-velasco-pufleau","status":"publish","type":"page","link":"https:\/\/ensembleregards.com\/en\/ensemble\/musicians\/luis-velasco-pufleau\/","title":{"rendered":"Luis Velasco Pufleau"},"content":{"rendered":"<p><a href=\"https:\/\/ensembleregards.com\/wp-content\/uploads\/2015\/01\/Luis_Velasco-Pufleau.jpg\"><img loading=\"lazy\" class=\"size-medium wp-image-631 alignleft\" src=\"https:\/\/ensembleregards.com\/wp-content\/uploads\/2015\/01\/Luis_Velasco-Pufleau-235x300.jpg\" alt=\"Luis_Velasco-Pufleau\" width=\"235\" height=\"300\" srcset=\"https:\/\/ensembleregards.com\/wp-content\/uploads\/2015\/01\/Luis_Velasco-Pufleau-235x300.jpg 235w, https:\/\/ensembleregards.com\/wp-content\/uploads\/2015\/01\/Luis_Velasco-Pufleau-804x1024.jpg 804w, https:\/\/ensembleregards.com\/wp-content\/uploads\/2015\/01\/Luis_Velasco-Pufleau-392x500.jpg 392w, https:\/\/ensembleregards.com\/wp-content\/uploads\/2015\/01\/Luis_Velasco-Pufleau-100x127.jpg 100w, https:\/\/ensembleregards.com\/wp-content\/uploads\/2015\/01\/Luis_Velasco-Pufleau-150x190.jpg 150w, https:\/\/ensembleregards.com\/wp-content\/uploads\/2015\/01\/Luis_Velasco-Pufleau-200x254.jpg 200w, https:\/\/ensembleregards.com\/wp-content\/uploads\/2015\/01\/Luis_Velasco-Pufleau-450x572.jpg 450w, https:\/\/ensembleregards.com\/wp-content\/uploads\/2015\/01\/Luis_Velasco-Pufleau-600x763.jpg 600w, https:\/\/ensembleregards.com\/wp-content\/uploads\/2015\/01\/Luis_Velasco-Pufleau-900x1145.jpg 900w\" sizes=\"(max-width: 235px) 100vw, 235px\" \/><\/a><\/p>\n<p>Guitariste, compositeur et musicologue, Luis Velasco Pufleau a \u00e9tudi\u00e9 la guitare, l\u2019improvisation, la musique de chambre contemporaine et la composition \u00e9lectroacoustique aux conservatoires de Bordeaux, Agen et Paris XVI. Docteur en musique et musicologie \u00e0 l\u2019Universit\u00e9 Paris-Sorbonne, il poursuit le cursus de doctorat en Interpr\u00e9tation musicale (guitare) \u00e0 l&#8217;Universit\u00e9 Nationale Autonome du Mexique (UNAM).<br \/>\nSes \u0153uvres ainsi que ses recherches explorent les rapports entre la musique et le politique, la fa\u00e7on dont les sons existent au monde et le transforment, notamment par le biais d\u2019\u0153uvres mixtes. Ancien chercheur post-doctorant \u00e0 l\u2019\u00c9cole des hautes \u00e9tudes en sciences sociales (EHESS, Paris), il est actuellement chercheur \u00e0 l\u2019Universit\u00e9 de Salzbourg.<br \/>\nEn tant que guitariste, il a travaill\u00e9 avec des compositeurs tels que Leo Brouwer, F\u00e9lix Ibarrondo, Jean-Yves Bosseur, Beno\u00eet Albert, Eduardo Garrido et Juan Arroyo. Passionn\u00e9 d\u2019improvisation et de musique contemporaine, il a d\u00e9velopp\u00e9 un langage propre en tant que compositeur, improvisateur et interpr\u00e8te.<\/p>\n<p><a title=\"http:\/\/www.luisvelasco-pufleau.com\" href=\"http:\/\/www.luisvelasco-pufleau.com\">www.luisvelasco-pufleau.com<\/a><\/p>","protected":false},"excerpt":{"rendered":"<p>Guitariste, compositeur et musicologue, Luis Velasco Pufleau a \u00e9tudi\u00e9 la guitare, l\u2019improvisation, la musique de chambre contemporaine et la composition \u00e9lectroacoustique aux conservatoires de Bordeaux, Agen et Paris XVI. Docteur en musique et musicologie \u00e0 l\u2019Universit\u00e9 Paris-Sorbonne, il poursuit le cursus de doctorat en Interpr\u00e9tation musicale (guitare) \u00e0 l&#8217;Universit\u00e9 Nationale Autonome du Mexique (UNAM). Ses<\/p>\n<div><a class=\"btn-filled btn\" href=\"https:\/\/ensembleregards.com\/en\/ensemble\/musicians\/luis-velasco-pufleau\/\" title=\"Luis Velasco Pufleau\">Read More<\/a><\/div>\n","protected":false},"author":5,"featured_media":0,"parent":34,"menu_order":0,"comment_status":"closed","ping_status":"closed","template":"","meta":{"om_disable_all_campaigns":false,"_monsterinsights_skip_tracking":false,"_monsterinsights_sitenote_active":false,"_monsterinsights_sitenote_note":"","_monsterinsights_sitenote_category":0},"aioseo_notices":[],"_links":{"self":[{"href":"https:\/\/ensembleregards.com\/en\/wp-json\/wp\/v2\/pages\/630"}],"collection":[{"href":"https:\/\/ensembleregards.com\/en\/wp-json\/wp\/v2\/pages"}],"about":[{"href":"https:\/\/ensembleregards.com\/en\/wp-json\/wp\/v2\/types\/page"}],"author":[{"embeddable":true,"href":"https:\/\/ensembleregards.com\/en\/wp-json\/wp\/v2\/users\/5"}],"replies":[{"embeddable":true,"href":"https:\/\/ensembleregards.com\/en\/wp-json\/wp\/v2\/comments?post=630"}],"version-history":[{"count":3,"href":"https:\/\/ensembleregards.com\/en\/wp-json\/wp\/v2\/pages\/630\/revisions"}],"predecessor-version":[{"id":647,"href":"https:\/\/ensembleregards.com\/en\/wp-json\/wp\/v2\/pages\/630\/revisions\/647"}],"up":[{"embeddable":true,"href":"https:\/\/ensembleregards.com\/en\/wp-json\/wp\/v2\/pages\/34"}],"wp:attachment":[{"href":"https:\/\/ensembleregards.com\/en\/wp-json\/wp\/v2\/media?parent=630"}],"curies":[{"name":"wp","href":"https:\/\/api.w.org\/{rel}","templated":true}]}}