{"id":684,"date":"2015-01-29T12:40:09","date_gmt":"2015-01-29T12:40:09","guid":{"rendered":"http:\/\/ensembleregards.com\/?page_id=684"},"modified":"2015-02-07T12:57:01","modified_gmt":"2015-02-07T12:57:01","slug":"ming-yu-weng","status":"publish","type":"page","link":"https:\/\/ensembleregards.com\/en\/ensemble\/musicians\/ming-yu-weng\/","title":{"rendered":"Ming-Yu Weng"},"content":{"rendered":"<p><a href=\"https:\/\/ensembleregards.com\/wp-content\/uploads\/2015\/01\/Ming-Yu-Weng.jpg\"><img loading=\"lazy\" class=\"alignleft size-full wp-image-733\" src=\"https:\/\/ensembleregards.com\/wp-content\/uploads\/2015\/01\/Ming-Yu-Weng.jpg\" alt=\"Ming-Yu-Weng\" width=\"156\" height=\"208\" srcset=\"https:\/\/ensembleregards.com\/wp-content\/uploads\/2015\/01\/Ming-Yu-Weng.jpg 156w, https:\/\/ensembleregards.com\/wp-content\/uploads\/2015\/01\/Ming-Yu-Weng-100x133.jpg 100w, https:\/\/ensembleregards.com\/wp-content\/uploads\/2015\/01\/Ming-Yu-Weng-150x200.jpg 150w\" sizes=\"(max-width: 156px) 100vw, 156px\" \/><\/a>N\u00e9 \u00e0 Taipei en 1988, Ming-Yu a \u00e9tudi\u00e9 \u00e0 la classe de percussion \u00e0 l&#8217;Universit\u00e9 Nationale des arts Taipei. Apr\u00e8s il a travaill\u00e9 \u00e0 l&#8217;Orchestre Symphonique du Minist\u00e8re de la D\u00e9fense, il s&#8217;int\u00e8gre au deuxi\u00e8me cycle sup\u00e9rieur du Conservatoire National Sup\u00e9rieur de Musique et de Danse de Paris \u00e0 2014.<\/p>","protected":false},"excerpt":{"rendered":"<p>N\u00e9 \u00e0 Taipei en 1988, Ming-Yu a \u00e9tudi\u00e9 \u00e0 la classe de percussion \u00e0 l&#8217;Universit\u00e9 Nationale des arts Taipei. Apr\u00e8s il a travaill\u00e9 \u00e0 l&#8217;Orchestre Symphonique du Minist\u00e8re de la D\u00e9fense, il s&#8217;int\u00e8gre au deuxi\u00e8me cycle sup\u00e9rieur du Conservatoire National Sup\u00e9rieur de Musique et de Danse de Paris \u00e0 2014.<\/p>\n","protected":false},"author":5,"featured_media":0,"parent":34,"menu_order":4,"comment_status":"closed","ping_status":"closed","template":"","meta":{"om_disable_all_campaigns":false,"_monsterinsights_skip_tracking":false,"_monsterinsights_sitenote_active":false,"_monsterinsights_sitenote_note":"","_monsterinsights_sitenote_category":0},"aioseo_notices":[],"_links":{"self":[{"href":"https:\/\/ensembleregards.com\/en\/wp-json\/wp\/v2\/pages\/684"}],"collection":[{"href":"https:\/\/ensembleregards.com\/en\/wp-json\/wp\/v2\/pages"}],"about":[{"href":"https:\/\/ensembleregards.com\/en\/wp-json\/wp\/v2\/types\/page"}],"author":[{"embeddable":true,"href":"https:\/\/ensembleregards.com\/en\/wp-json\/wp\/v2\/users\/5"}],"replies":[{"embeddable":true,"href":"https:\/\/ensembleregards.com\/en\/wp-json\/wp\/v2\/comments?post=684"}],"version-history":[{"count":3,"href":"https:\/\/ensembleregards.com\/en\/wp-json\/wp\/v2\/pages\/684\/revisions"}],"predecessor-version":[{"id":734,"href":"https:\/\/ensembleregards.com\/en\/wp-json\/wp\/v2\/pages\/684\/revisions\/734"}],"up":[{"embeddable":true,"href":"https:\/\/ensembleregards.com\/en\/wp-json\/wp\/v2\/pages\/34"}],"wp:attachment":[{"href":"https:\/\/ensembleregards.com\/en\/wp-json\/wp\/v2\/media?parent=684"}],"curies":[{"name":"wp","href":"https:\/\/api.w.org\/{rel}","templated":true}]}}