{"id":687,"date":"2015-01-29T12:42:46","date_gmt":"2015-01-29T12:42:46","guid":{"rendered":"http:\/\/ensembleregards.com\/?page_id=687"},"modified":"2015-01-30T21:05:37","modified_gmt":"2015-01-30T21:05:37","slug":"elodie-gaudet","status":"publish","type":"page","link":"https:\/\/ensembleregards.com\/en\/ensemble\/musicians\/elodie-gaudet\/","title":{"rendered":"Elodie GAUDET"},"content":{"rendered":"<p><a href=\"https:\/\/ensembleregards.com\/wp-content\/uploads\/2015\/01\/531513_536251149741739_1962776448_n.jpg\"><img loading=\"lazy\" class=\"alignleft size-medium wp-image-699\" src=\"https:\/\/ensembleregards.com\/wp-content\/uploads\/2015\/01\/531513_536251149741739_1962776448_n-200x300.jpg\" alt=\"531513_536251149741739_1962776448_n\" width=\"200\" height=\"300\" srcset=\"https:\/\/ensembleregards.com\/wp-content\/uploads\/2015\/01\/531513_536251149741739_1962776448_n-200x300.jpg 200w, https:\/\/ensembleregards.com\/wp-content\/uploads\/2015\/01\/531513_536251149741739_1962776448_n-333x500.jpg 333w, https:\/\/ensembleregards.com\/wp-content\/uploads\/2015\/01\/531513_536251149741739_1962776448_n-100x150.jpg 100w, https:\/\/ensembleregards.com\/wp-content\/uploads\/2015\/01\/531513_536251149741739_1962776448_n-150x225.jpg 150w, https:\/\/ensembleregards.com\/wp-content\/uploads\/2015\/01\/531513_536251149741739_1962776448_n-300x450.jpg 300w, https:\/\/ensembleregards.com\/wp-content\/uploads\/2015\/01\/531513_536251149741739_1962776448_n-450x675.jpg 450w, https:\/\/ensembleregards.com\/wp-content\/uploads\/2015\/01\/531513_536251149741739_1962776448_n-600x900.jpg 600w, https:\/\/ensembleregards.com\/wp-content\/uploads\/2015\/01\/531513_536251149741739_1962776448_n.jpg 640w\" sizes=\"(max-width: 200px) 100vw, 200px\" \/><\/a>Altiste exploratrice, form\u00e9e \u00e0 la Haute Ecole de Musique de Gen\u00e8ve par Nobuko Imai, Elodie Gaudet compl\u00e8te sa formation aupr\u00e8s de Miguel Da Silva et Garth Knox et s\u0092&#8217;ouvre \u00e0 d\u0092&#8217;autres approches.<\/p>\n<p>Attir\u00e9e par la musique ancienne, elle participe \u00e0 des acad\u00e9mies ( Jeune orchestre atlantique, Acad\u00e9mie Europ\u00e9enne de Vannes) travaillant notamment avec St\u00e9phanie Paulet et Bruno Cocset. Elle se plonge \u00e9galement dans l&#8217;improvisation et la musique exp\u00e9rimentale, elle rejoint l&#8217;Onceim ( Orchestre National de cr\u00e9ation, exp\u00e9rimentation et d&#8217;improvisation musicale) et l&#8217;ensemble Hodos. La cr\u00e9ation et les projets pluridisciplinaires sont au co\u009ceur de ses int\u00e9r\u00eats. Elle est membre de l&#8217;ensemble Links. Elle cr\u00e9e en 2012 le quatuor Europa focalis\u00e9 sur la musique du XXI\u00e8 si\u00e8cle. Suite \u00e0 sa participation \u00e0 l\u0092&#8217;Acad\u00e9mie de Lucerne encadr\u00e9e par les solistes de l\u0092&#8217;ntercontemporain, elle a eu la chance de les rejoindre pour deux tourn\u00e9es dirig\u00e9s par P.Boulez, A.Altinoglu.<\/p>\n<p>Curieuse et interpell\u00e9e par les prestations du Klangforum, elle effectue actuellement un 3\u00e8me cycle, Postgrad in performance practise in contemporary music, \u00e0 Graz en Autriche avec les membres du Klangforum.<\/p>\n<p>Passionn\u00e9e par la transmission, elle enseigne au CRD de Clamart.<\/p>","protected":false},"excerpt":{"rendered":"<p>Altiste exploratrice, form\u00e9e \u00e0 la Haute Ecole de Musique de Gen\u00e8ve par Nobuko Imai, Elodie Gaudet compl\u00e8te sa formation aupr\u00e8s de Miguel Da Silva et Garth Knox et s\u0092&#8217;ouvre \u00e0 d\u0092&#8217;autres approches. Attir\u00e9e par la musique ancienne, elle participe \u00e0 des acad\u00e9mies ( Jeune orchestre atlantique, Acad\u00e9mie Europ\u00e9enne de Vannes) travaillant notamment avec St\u00e9phanie Paulet<\/p>\n<div><a class=\"btn-filled btn\" href=\"https:\/\/ensembleregards.com\/en\/ensemble\/musicians\/elodie-gaudet\/\" title=\"Elodie GAUDET\">Read More<\/a><\/div>\n","protected":false},"author":5,"featured_media":0,"parent":34,"menu_order":4,"comment_status":"closed","ping_status":"closed","template":"","meta":{"om_disable_all_campaigns":false,"_monsterinsights_skip_tracking":false,"_monsterinsights_sitenote_active":false,"_monsterinsights_sitenote_note":"","_monsterinsights_sitenote_category":0},"aioseo_notices":[],"_links":{"self":[{"href":"https:\/\/ensembleregards.com\/en\/wp-json\/wp\/v2\/pages\/687"}],"collection":[{"href":"https:\/\/ensembleregards.com\/en\/wp-json\/wp\/v2\/pages"}],"about":[{"href":"https:\/\/ensembleregards.com\/en\/wp-json\/wp\/v2\/types\/page"}],"author":[{"embeddable":true,"href":"https:\/\/ensembleregards.com\/en\/wp-json\/wp\/v2\/users\/5"}],"replies":[{"embeddable":true,"href":"https:\/\/ensembleregards.com\/en\/wp-json\/wp\/v2\/comments?post=687"}],"version-history":[{"count":3,"href":"https:\/\/ensembleregards.com\/en\/wp-json\/wp\/v2\/pages\/687\/revisions"}],"predecessor-version":[{"id":700,"href":"https:\/\/ensembleregards.com\/en\/wp-json\/wp\/v2\/pages\/687\/revisions\/700"}],"up":[{"embeddable":true,"href":"https:\/\/ensembleregards.com\/en\/wp-json\/wp\/v2\/pages\/34"}],"wp:attachment":[{"href":"https:\/\/ensembleregards.com\/en\/wp-json\/wp\/v2\/media?parent=687"}],"curies":[{"name":"wp","href":"https:\/\/api.w.org\/{rel}","templated":true}]}}