{"id":692,"date":"2015-01-29T12:45:37","date_gmt":"2015-01-29T12:45:37","guid":{"rendered":"http:\/\/ensembleregards.com\/?page_id=692"},"modified":"2015-02-03T00:18:20","modified_gmt":"2015-02-03T00:18:20","slug":"clemence-sarda","status":"publish","type":"page","link":"https:\/\/ensembleregards.com\/en\/ensemble\/musicians\/clemence-sarda\/","title":{"rendered":"Cl\u00e9mence Sarda"},"content":{"rendered":"<p><a href=\"https:\/\/ensembleregards.com\/wp-content\/uploads\/2015\/01\/Cl\u00e9mence-Sarda.png\"><img loading=\"lazy\" class=\"alignleft size-medium wp-image-714\" src=\"https:\/\/ensembleregards.com\/wp-content\/uploads\/2015\/01\/Cl\u00e9mence-Sarda-159x300.png\" alt=\"Cl\u00e9mence Sarda\" width=\"159\" height=\"300\" srcset=\"https:\/\/ensembleregards.com\/wp-content\/uploads\/2015\/01\/Cl\u00e9mence-Sarda-159x300.png 159w, https:\/\/ensembleregards.com\/wp-content\/uploads\/2015\/01\/Cl\u00e9mence-Sarda-545x1024.png 545w, https:\/\/ensembleregards.com\/wp-content\/uploads\/2015\/01\/Cl\u00e9mence-Sarda-266x500.png 266w\" sizes=\"(max-width: 159px) 100vw, 159px\" \/><\/a>Cl\u00e9mence Sarda obtient son prix \u00e0 l&#8217;unanimit\u00e9 au Conservatoire de Paris en Juin 2014 dans la classe de Stanislas Kuchinski (Orchestre de Paris), puis poursuit ses \u00e9tudes en cycle de perfectionnement au Conservatoire de Rueil-Malmaison dans la classe de Philippe Noharet (Op\u00e9ra de Paris).Elle \u00e9tudie parall\u00e8lement le jazz au Conservatoire R\u00e9gional d&#8217;Aubervilliers, aupr\u00e8s de musiciens tels que Claude Terranova, Claude Mouton, Fran\u00e7ois Laizeau.<\/p>\n<p>Sa curiosit\u00e9 et son d\u00e9sir de d\u00e9couvrir toujours de nouveaux univers stylistiques l&#8217;ont ainsi amen\u00e9e \u00e0 participer \u00e0 de nombreux projets h\u00e9t\u00e9roclites, tels que la cr\u00e9ation mondiale du Tango de Karoll Beffa (d\u00e9cembre 2012, victoire de la musique -compositeur de l&#8217;ann\u00e9e en 2013), ainsi que la cr\u00e9ation mondiale du compositeur Zych, Soliloquium II The landscape of frozen thoughts, aux c\u00f4t\u00e9s de musiciens de l&#8217;Orchstre-Atelier Ostinato (Janvier 2014). Elle \u00e9tudie \u00e9galement le r\u00e9pertoire pour contrbasse \u00e9crit par le compositeur Bernard Cavanna (prix SACEM de la meilleure oeuvre contemporaine) et fait d\u00e9sormais partie de l&#8217;ensemble l&#8217;Orchestre de Contrebasses au c\u00f4t\u00e9s de Christian Gentet, Yves Torchinksy, Philippe Viret etc.<\/p>","protected":false},"excerpt":{"rendered":"<p>Cl\u00e9mence Sarda obtient son prix \u00e0 l&#8217;unanimit\u00e9 au Conservatoire de Paris en Juin 2014 dans la classe de Stanislas Kuchinski (Orchestre de Paris), puis poursuit ses \u00e9tudes en cycle de perfectionnement au Conservatoire de Rueil-Malmaison dans la classe de Philippe Noharet (Op\u00e9ra de Paris).Elle \u00e9tudie parall\u00e8lement le jazz au Conservatoire R\u00e9gional d&#8217;Aubervilliers, aupr\u00e8s de musiciens<\/p>\n<div><a class=\"btn-filled btn\" href=\"https:\/\/ensembleregards.com\/en\/ensemble\/musicians\/clemence-sarda\/\" title=\"Cl\u00e9mence Sarda\">Read More<\/a><\/div>\n","protected":false},"author":5,"featured_media":0,"parent":34,"menu_order":4,"comment_status":"closed","ping_status":"closed","template":"","meta":{"om_disable_all_campaigns":false,"_monsterinsights_skip_tracking":false,"_monsterinsights_sitenote_active":false,"_monsterinsights_sitenote_note":"","_monsterinsights_sitenote_category":0},"aioseo_notices":[],"_links":{"self":[{"href":"https:\/\/ensembleregards.com\/en\/wp-json\/wp\/v2\/pages\/692"}],"collection":[{"href":"https:\/\/ensembleregards.com\/en\/wp-json\/wp\/v2\/pages"}],"about":[{"href":"https:\/\/ensembleregards.com\/en\/wp-json\/wp\/v2\/types\/page"}],"author":[{"embeddable":true,"href":"https:\/\/ensembleregards.com\/en\/wp-json\/wp\/v2\/users\/5"}],"replies":[{"embeddable":true,"href":"https:\/\/ensembleregards.com\/en\/wp-json\/wp\/v2\/comments?post=692"}],"version-history":[{"count":3,"href":"https:\/\/ensembleregards.com\/en\/wp-json\/wp\/v2\/pages\/692\/revisions"}],"predecessor-version":[{"id":715,"href":"https:\/\/ensembleregards.com\/en\/wp-json\/wp\/v2\/pages\/692\/revisions\/715"}],"up":[{"embeddable":true,"href":"https:\/\/ensembleregards.com\/en\/wp-json\/wp\/v2\/pages\/34"}],"wp:attachment":[{"href":"https:\/\/ensembleregards.com\/en\/wp-json\/wp\/v2\/media?parent=692"}],"curies":[{"name":"wp","href":"https:\/\/api.w.org\/{rel}","templated":true}]}}