{"id":694,"date":"2015-01-29T12:49:28","date_gmt":"2015-01-29T12:49:28","guid":{"rendered":"http:\/\/ensembleregards.com\/?page_id=694"},"modified":"2015-02-03T09:58:28","modified_gmt":"2015-02-03T09:58:28","slug":"amelie-feihl","status":"publish","type":"page","link":"https:\/\/ensembleregards.com\/en\/ensemble\/musicians\/amelie-feihl\/","title":{"rendered":"Am\u00e9lie Feihl"},"content":{"rendered":"<p><\/p>\n<p><a href=\"https:\/\/ensembleregards.com\/wp-content\/uploads\/2015\/01\/Am\u00e9lie-Feihl.jpg\"><img loading=\"lazy\" class=\"alignleft size-medium wp-image-721\" src=\"https:\/\/ensembleregards.com\/wp-content\/uploads\/2015\/01\/Am\u00e9lie-Feihl-225x300.jpg\" alt=\"Am\u00e9lie Feihl\" width=\"225\" height=\"300\" srcset=\"https:\/\/ensembleregards.com\/wp-content\/uploads\/2015\/01\/Am\u00e9lie-Feihl-225x300.jpg 225w, https:\/\/ensembleregards.com\/wp-content\/uploads\/2015\/01\/Am\u00e9lie-Feihl-768x1024.jpg 768w, https:\/\/ensembleregards.com\/wp-content\/uploads\/2015\/01\/Am\u00e9lie-Feihl-375x500.jpg 375w, https:\/\/ensembleregards.com\/wp-content\/uploads\/2015\/01\/Am\u00e9lie-Feihl-100x133.jpg 100w, https:\/\/ensembleregards.com\/wp-content\/uploads\/2015\/01\/Am\u00e9lie-Feihl-150x200.jpg 150w, https:\/\/ensembleregards.com\/wp-content\/uploads\/2015\/01\/Am\u00e9lie-Feihl-200x266.jpg 200w, https:\/\/ensembleregards.com\/wp-content\/uploads\/2015\/01\/Am\u00e9lie-Feihl-300x400.jpg 300w, https:\/\/ensembleregards.com\/wp-content\/uploads\/2015\/01\/Am\u00e9lie-Feihl-450x600.jpg 450w, https:\/\/ensembleregards.com\/wp-content\/uploads\/2015\/01\/Am\u00e9lie-Feihl-600x800.jpg 600w, https:\/\/ensembleregards.com\/wp-content\/uploads\/2015\/01\/Am\u00e9lie-Feihl-900x1200.jpg 900w, https:\/\/ensembleregards.com\/wp-content\/uploads\/2015\/01\/Am\u00e9lie-Feihl.jpg 1536w\" sizes=\"(max-width: 225px) 100vw, 225px\" \/><\/a>Am\u00e9lie Feihl commence la fl\u00fbte \u00e0 l&#8217;\u00e2ge de sept ans. Apr\u00e8s avoir obtenu un Master de p\u00e9dagogie \u00e0 la Haute Ecole de Musique de Lausanne (Suisse), elle entre en Master au CNSM dans la classe de Sophie Cherrier, en septembre 2013.<\/p>\n<p>Passionn\u00e9e tant par le r\u00e9pertoire classique que contemporain, Am\u00e9lie travaille avec de nombreuses formation tr\u00e8s diff\u00e9rentes, allant de la musique de chambre \u00e0 l&#8217;orchestre symphonique.<\/p>\n<p>Attir\u00e9e par le partage avec d&#8217;autres arts, elle a travaill\u00e9 notamment avec des danseurs, des sculpteurs\/peintres, des compositeurs ou des cin\u00e9astes.<\/p>\n<p>&nbsp;<\/p>\n<p><\/p>","protected":false},"excerpt":{"rendered":"<p>Am\u00e9lie Feihl commence la fl\u00fbte \u00e0 l&#8217;\u00e2ge de sept ans. Apr\u00e8s avoir obtenu un Master de p\u00e9dagogie \u00e0 la Haute Ecole de Musique de Lausanne (Suisse), elle entre en Master au CNSM dans la classe de Sophie Cherrier, en septembre 2013. Passionn\u00e9e tant par le r\u00e9pertoire classique que contemporain, Am\u00e9lie travaille avec de nombreuses formation<\/p>\n<div><a class=\"btn-filled btn\" href=\"https:\/\/ensembleregards.com\/en\/ensemble\/musicians\/amelie-feihl\/\" title=\"Am\u00e9lie Feihl\">Read More<\/a><\/div>\n","protected":false},"author":5,"featured_media":0,"parent":34,"menu_order":2,"comment_status":"closed","ping_status":"closed","template":"","meta":{"om_disable_all_campaigns":false,"_monsterinsights_skip_tracking":false,"_monsterinsights_sitenote_active":false,"_monsterinsights_sitenote_note":"","_monsterinsights_sitenote_category":0},"aioseo_notices":[],"_links":{"self":[{"href":"https:\/\/ensembleregards.com\/en\/wp-json\/wp\/v2\/pages\/694"}],"collection":[{"href":"https:\/\/ensembleregards.com\/en\/wp-json\/wp\/v2\/pages"}],"about":[{"href":"https:\/\/ensembleregards.com\/en\/wp-json\/wp\/v2\/types\/page"}],"author":[{"embeddable":true,"href":"https:\/\/ensembleregards.com\/en\/wp-json\/wp\/v2\/users\/5"}],"replies":[{"embeddable":true,"href":"https:\/\/ensembleregards.com\/en\/wp-json\/wp\/v2\/comments?post=694"}],"version-history":[{"count":6,"href":"https:\/\/ensembleregards.com\/en\/wp-json\/wp\/v2\/pages\/694\/revisions"}],"predecessor-version":[{"id":725,"href":"https:\/\/ensembleregards.com\/en\/wp-json\/wp\/v2\/pages\/694\/revisions\/725"}],"up":[{"embeddable":true,"href":"https:\/\/ensembleregards.com\/en\/wp-json\/wp\/v2\/pages\/34"}],"wp:attachment":[{"href":"https:\/\/ensembleregards.com\/en\/wp-json\/wp\/v2\/media?parent=694"}],"curies":[{"name":"wp","href":"https:\/\/api.w.org\/{rel}","templated":true}]}}