{"id":874,"date":"2015-06-19T12:22:37","date_gmt":"2015-06-19T12:22:37","guid":{"rendered":"http:\/\/ensembleregards.com\/?page_id=874"},"modified":"2016-12-04T00:48:50","modified_gmt":"2016-12-04T00:48:50","slug":"mathieu-acar","status":"publish","type":"page","link":"https:\/\/ensembleregards.com\/en\/ensemble\/musicians\/mathieu-acar\/","title":{"rendered":"Mathieu Acar"},"content":{"rendered":"<p><a href=\"https:\/\/ensembleregards.com\/wp-content\/uploads\/2015\/06\/acar-matthieu-1306.jpg\"><img loading=\"lazy\" class=\"alignleft size-full wp-image-898\" src=\"https:\/\/ensembleregards.com\/wp-content\/uploads\/2015\/06\/acar-matthieu-1306.jpg\" alt=\"acar-matthieu-1306\" width=\"267\" height=\"400\" srcset=\"https:\/\/ensembleregards.com\/wp-content\/uploads\/2015\/06\/acar-matthieu-1306.jpg 267w, https:\/\/ensembleregards.com\/wp-content\/uploads\/2015\/06\/acar-matthieu-1306-200x299.jpg 200w, https:\/\/ensembleregards.com\/wp-content\/uploads\/2015\/06\/acar-matthieu-1306-100x149.jpg 100w, https:\/\/ensembleregards.com\/wp-content\/uploads\/2015\/06\/acar-matthieu-1306-150x224.jpg 150w\" sizes=\"(max-width: 267px) 100vw, 267px\" \/><\/a>An eclectic musician who is equally at home as a soloist and chamber musician, Matthieu Acar is perpetually seeking new ways to connect different repertoires and styles. An ardent defender of the music of our time, he delights in sharing original and often surprising programmes with his audiences. Curious and open-minded, Matthieu enthusiastically performs new works involving electronics and quarter-tone piano, to mention but a few\u2026<br \/>\nFollowing Master\u2019s degrees in piano and chamber music at the Paris Conservatoire, it was only natural that he continue there in the Artist Diploma course dedicated to Contemporary Repertoire and Creation. Grand prize winner of the Boulogne-Billancourt\u2019s 2013 \u201cMusic of the Last Century\u201d Competition, he was awarded the Andr\u00e9 Jolivet and Ricardo Vi\u00f1es prizes at the Orl\u00e9ans International Piano Competition.  A dedicated teacher, he is currently a professor at the Boulogne-Billancourt Conservatoire.<br \/>\nThe Atyopsis Duo, which he founded with saxophonist Alexandre Souillart, won the grand prize at Milan\u2019s Societa Umanitaria\u2019s Competition and has since performed in Peru and Taiwan. The duo was instrumental in founding the InSoliTus Ensemble with the conductor Javier Gonzales Novales and composer Nicolas Mondon, whose works Matthieu often premieres.<\/p>","protected":false},"excerpt":{"rendered":"<p>An eclectic musician who is equally at home as a soloist and chamber musician, Matthieu Acar is perpetually seeking new ways to connect different repertoires and styles. An ardent defender of the music of our time, he delights in sharing original and often surprising programmes with his audiences. Curious and open-minded, Matthieu enthusiastically performs new<\/p>\n<div><a class=\"btn-filled btn\" href=\"https:\/\/ensembleregards.com\/en\/ensemble\/musicians\/mathieu-acar\/\" title=\"Mathieu Acar\">Read More<\/a><\/div>\n","protected":false},"author":5,"featured_media":0,"parent":34,"menu_order":2,"comment_status":"closed","ping_status":"closed","template":"","meta":{"om_disable_all_campaigns":false,"_monsterinsights_skip_tracking":false,"_monsterinsights_sitenote_active":false,"_monsterinsights_sitenote_note":"","_monsterinsights_sitenote_category":0},"aioseo_notices":[],"_links":{"self":[{"href":"https:\/\/ensembleregards.com\/en\/wp-json\/wp\/v2\/pages\/874"}],"collection":[{"href":"https:\/\/ensembleregards.com\/en\/wp-json\/wp\/v2\/pages"}],"about":[{"href":"https:\/\/ensembleregards.com\/en\/wp-json\/wp\/v2\/types\/page"}],"author":[{"embeddable":true,"href":"https:\/\/ensembleregards.com\/en\/wp-json\/wp\/v2\/users\/5"}],"replies":[{"embeddable":true,"href":"https:\/\/ensembleregards.com\/en\/wp-json\/wp\/v2\/comments?post=874"}],"version-history":[{"count":6,"href":"https:\/\/ensembleregards.com\/en\/wp-json\/wp\/v2\/pages\/874\/revisions"}],"predecessor-version":[{"id":1144,"href":"https:\/\/ensembleregards.com\/en\/wp-json\/wp\/v2\/pages\/874\/revisions\/1144"}],"up":[{"embeddable":true,"href":"https:\/\/ensembleregards.com\/en\/wp-json\/wp\/v2\/pages\/34"}],"wp:attachment":[{"href":"https:\/\/ensembleregards.com\/en\/wp-json\/wp\/v2\/media?parent=874"}],"curies":[{"name":"wp","href":"https:\/\/api.w.org\/{rel}","templated":true}]}}