{"id":93,"date":"2014-09-10T16:24:11","date_gmt":"2014-09-10T16:24:11","guid":{"rendered":"http:\/\/ensembleregards.com\/en\/?page_id=93"},"modified":"2014-11-23T21:25:49","modified_gmt":"2014-11-23T21:25:49","slug":"noemie-bialobroda","status":"publish","type":"page","link":"https:\/\/ensembleregards.com\/en\/ensemble\/musicians\/noemie-bialobroda\/","title":{"rendered":"No\u00e9mie Bialobroda"},"content":{"rendered":"<p><a href=\"https:\/\/ensembleregards.com\/wp-content\/uploads\/2014\/09\/photo_bialobroda2.jpg\"><img loading=\"lazy\" class=\"size-medium wp-image-94 alignleft\" src=\"https:\/\/ensembleregards.com\/wp-content\/uploads\/2014\/09\/photo_bialobroda2-282x300.jpg\" alt=\"Noemie Bialobroda\" width=\"282\" height=\"300\" srcset=\"https:\/\/ensembleregards.com\/wp-content\/uploads\/2014\/09\/photo_bialobroda2-282x300.jpg 282w, https:\/\/ensembleregards.com\/wp-content\/uploads\/2014\/09\/photo_bialobroda2-963x1024.jpg 963w, https:\/\/ensembleregards.com\/wp-content\/uploads\/2014\/09\/photo_bialobroda2-400x425.jpg 400w, https:\/\/ensembleregards.com\/wp-content\/uploads\/2014\/09\/photo_bialobroda2-900x956.jpg 900w\" sizes=\"(max-width: 282px) 100vw, 282px\" \/><\/a><\/p>\n<p>Born in Paris in 1988, No\u00e9mie Bialobroda studied with Nobuko Imai and Miguel Da Silva at the Haute Ecole de Musique de Gen\u00e8ve and with Jean Sulem in the Conservatoire National Sup\u00e9rieur de Musique de Paris.<\/p>\n<p>No\u00e9mie has won prizes in numerous competitions and scholarship including the Beethoven International Viola Competition 2010, the Fondation Hirschmann (Switzerland) and the Fondation Meyer (France).<\/p>\n<p>As a passionate chamber musician, she has played with Luis Claret, Boris Garlitsky, Francois Guye, Philippe M\u00fcller, Tedi Papavrami, Jean Sulem, Jean-Pierre Wallez, the Rosamonde String Quartet for concerts in France, Germany, Spain, China, Switzerland, Austria, USA and Isra\u00ebl.<\/p>\n<p>She joins the Aviv Quartet in 2014.<\/p>\n<p>Very active in contemporary music, she works regularly with the Ensemble Modern in Francfort and the IRCAM in Paris. Two new pieces for viola and electronics have been written for her and premiered at the IRCAM.<\/p>\n<p>She has recorded her first CD for the label \u00ab jeunes solistes \u00bb of the Fondation Meyer which includes Sequenza VI by L.Berio, Sonate by B.A.Zimmermann, Notturni Brillanti by S.Sciarrino, Prologie by G.Grisey and Sonate op 25 n\u00b01 de P.Hindemith.<\/p>\n<p>She is a Viola Professeur at the Conservatoire de Musique de Gen\u00e8ve since 2010 and at the Conservatoire de Lausanne for pre-College students since 2014.<\/p>\n<p><a title=\"http:\/\/www.noemiebialobroda.com\" href=\"http:\/\/www.noemiebialobroda.com\" target=\"_blank\">http:\/\/www.noemiebialobroda.com<\/a><\/p>","protected":false},"excerpt":{"rendered":"<p>Born in Paris in 1988, No\u00e9mie Bialobroda studied with Nobuko Imai and Miguel Da Silva at the Haute Ecole de Musique de Gen\u00e8ve and with Jean Sulem in the Conservatoire National Sup\u00e9rieur de Musique de Paris. No\u00e9mie has won prizes in numerous competitions and scholarship including the Beethoven International Viola Competition 2010, the Fondation Hirschmann<\/p>\n<div><a class=\"btn-filled btn\" href=\"https:\/\/ensembleregards.com\/en\/ensemble\/musicians\/noemie-bialobroda\/\" title=\"No\u00e9mie Bialobroda\">Read More<\/a><\/div>\n","protected":false},"author":5,"featured_media":0,"parent":34,"menu_order":25,"comment_status":"closed","ping_status":"closed","template":"","meta":{"om_disable_all_campaigns":false,"_monsterinsights_skip_tracking":false,"_monsterinsights_sitenote_active":false,"_monsterinsights_sitenote_note":"","_monsterinsights_sitenote_category":0},"aioseo_notices":[],"_links":{"self":[{"href":"https:\/\/ensembleregards.com\/en\/wp-json\/wp\/v2\/pages\/93"}],"collection":[{"href":"https:\/\/ensembleregards.com\/en\/wp-json\/wp\/v2\/pages"}],"about":[{"href":"https:\/\/ensembleregards.com\/en\/wp-json\/wp\/v2\/types\/page"}],"author":[{"embeddable":true,"href":"https:\/\/ensembleregards.com\/en\/wp-json\/wp\/v2\/users\/5"}],"replies":[{"embeddable":true,"href":"https:\/\/ensembleregards.com\/en\/wp-json\/wp\/v2\/comments?post=93"}],"version-history":[{"count":5,"href":"https:\/\/ensembleregards.com\/en\/wp-json\/wp\/v2\/pages\/93\/revisions"}],"predecessor-version":[{"id":388,"href":"https:\/\/ensembleregards.com\/en\/wp-json\/wp\/v2\/pages\/93\/revisions\/388"}],"up":[{"embeddable":true,"href":"https:\/\/ensembleregards.com\/en\/wp-json\/wp\/v2\/pages\/34"}],"wp:attachment":[{"href":"https:\/\/ensembleregards.com\/en\/wp-json\/wp\/v2\/media?parent=93"}],"curies":[{"name":"wp","href":"https:\/\/api.w.org\/{rel}","templated":true}]}}