{"id":96,"date":"2014-09-10T16:25:45","date_gmt":"2014-09-10T16:25:45","guid":{"rendered":"http:\/\/ensembleregards.com\/en\/?page_id=96"},"modified":"2014-11-24T14:02:33","modified_gmt":"2014-11-24T14:02:33","slug":"jeanne-maisonhaute","status":"publish","type":"page","link":"https:\/\/ensembleregards.com\/en\/ensemble\/musicians\/jeanne-maisonhaute\/","title":{"rendered":"Jeanne Maisonhaute"},"content":{"rendered":"<p><a href=\"https:\/\/ensembleregards.com\/wp-content\/uploads\/2014\/09\/Curriculum-vitae-Jeanne-Maisonhaute-fran\u00e7ais.jpg\"><img loading=\"lazy\" class=\"size-medium wp-image-97 alignleft\" src=\"https:\/\/ensembleregards.com\/wp-content\/uploads\/2014\/09\/Curriculum-vitae-Jeanne-Maisonhaute-fran\u00e7ais-199x300.jpg\" alt=\"Jeanne Maisonhaute\" width=\"199\" height=\"300\" srcset=\"https:\/\/ensembleregards.com\/wp-content\/uploads\/2014\/09\/Curriculum-vitae-Jeanne-Maisonhaute-fran\u00e7ais-199x300.jpg 199w, https:\/\/ensembleregards.com\/wp-content\/uploads\/2014\/09\/Curriculum-vitae-Jeanne-Maisonhaute-fran\u00e7ais-680x1024.jpg 680w, https:\/\/ensembleregards.com\/wp-content\/uploads\/2014\/09\/Curriculum-vitae-Jeanne-Maisonhaute-fran\u00e7ais-332x500.jpg 332w, https:\/\/ensembleregards.com\/wp-content\/uploads\/2014\/09\/Curriculum-vitae-Jeanne-Maisonhaute-fran\u00e7ais-900x1353.jpg 900w, https:\/\/ensembleregards.com\/wp-content\/uploads\/2014\/09\/Curriculum-vitae-Jeanne-Maisonhaute-fran\u00e7ais.jpg 1872w\" sizes=\"(max-width: 199px) 100vw, 199px\" \/><\/a><\/p>\n<p>Jeanne Maisonhaute re\u00e7oit ses premi\u00e8res le\u00e7ons de violoncelle d\u00e8s l&#8217;\u00e2ge de six ans au Conservatoire National de R\u00e9gion de Rueil-Malmaison dans classe d&#8217;Elisabeth Ley-Chenivesse, et poursuit ses \u00e9tudes aupr\u00e8s de Philippe Bary au Conservatoire \u00ab Paul Dukas \u00bb \u00e0 Paris. En 2000, elle re\u00e7oit la M\u00e9daille d&#8217;Or de la Ville de Paris. Apr\u00e8s une rencontre d\u00e9cisive avec Marie Hallynck, elle part \u00e9tudier dans sa classe au Conservatoire Royal de Bruxelles et y obtient en juin 2005 son dipl\u00f4me avec la Plus Grande Distinction. Admise dans la classe de Rapha\u00ebl Wallfisch \u00e0 la Hoschchule Musik und Theater de Z\u00fcrich, elle y obtient le dipl\u00f4me de Soliste en juin 2007.<\/p>\n<p>Elle re\u00e7oit en 1999 le 1er Prix du concours du \u00abRoyaume de la Musique de Radio France\u00bb, en 2000 le 1er Prix du Concours International de Woluwe St-Pierre, en 2005 le Prix Fely Wasel au Conservatoire Royal de Bruxelles, et en 2006 le Prix \u00ab Most Promizing Participant \u00bb au Concours International de Violoncelle Aram Katchaturian (Arm\u00e9nie).<\/p>\n<p>Elle est laur\u00e9ate de la Belgian Fondation For Young Soloists en Belgique.<\/p>\n<p>En 2008, elle se lie \u00e0 l&#8217;Ensemble Musiques Nouvelles et en 2010, elle rejoint le\u00a0quatuor Tana pour s&#8217;y consacrer pleinement.<\/p>\n<p>Au cours de nombreuses &#8216;master classes&#8217;, elle re\u00e7oit les conseils d&#8217;Edmond Baert,<\/p>\n<p>Boris Baraz, Wolfgang Boettcher, Lluis Claret, Frans Helmerson, Oleg Kogan,<\/p>\n<p>Philippe Muller, Martti Roussi, Jiang Wang, Tsuyoshi Tsutsumi. En musique de chambre, elle a travaill\u00e9 avec Andr\u00e9 Siwy, Thomas Kakuska , Xavier Gagnepain, Olga Sitkovetsky, le quatuor Art\u00e9mis, &#8230;<\/p>\n<p>Ces derni\u00e8res ann\u00e9es, elle a \u00e9t\u00e9 invit\u00e9e \u00e0 jouer en concert en Italie, en Suisse,<\/p>\n<p>en France et en Belgique.<\/p>\n<p><a title=\"http:\/\/www.tanastringquartet.be\/jeanne.html\" href=\"http:\/\/www.tanastringquartet.be\/jeanne.html\" target=\"_blank\">http:\/\/www.tanastringquartet.be\/jeanne.html<\/a><\/p>","protected":false},"excerpt":{"rendered":"<p>Jeanne Maisonhaute re\u00e7oit ses premi\u00e8res le\u00e7ons de violoncelle d\u00e8s l&#8217;\u00e2ge de six ans au Conservatoire National de R\u00e9gion de Rueil-Malmaison dans classe d&#8217;Elisabeth Ley-Chenivesse, et poursuit ses \u00e9tudes aupr\u00e8s de Philippe Bary au Conservatoire \u00ab Paul Dukas \u00bb \u00e0 Paris. En 2000, elle re\u00e7oit la M\u00e9daille d&#8217;Or de la Ville de Paris. Apr\u00e8s une rencontre<\/p>\n<div><a class=\"btn-filled btn\" href=\"https:\/\/ensembleregards.com\/en\/ensemble\/musicians\/jeanne-maisonhaute\/\" title=\"Jeanne Maisonhaute\">Read More<\/a><\/div>\n","protected":false},"author":5,"featured_media":0,"parent":34,"menu_order":27,"comment_status":"closed","ping_status":"closed","template":"","meta":{"om_disable_all_campaigns":false,"_monsterinsights_skip_tracking":false,"_monsterinsights_sitenote_active":false,"_monsterinsights_sitenote_note":"","_monsterinsights_sitenote_category":0},"aioseo_notices":[],"_links":{"self":[{"href":"https:\/\/ensembleregards.com\/en\/wp-json\/wp\/v2\/pages\/96"}],"collection":[{"href":"https:\/\/ensembleregards.com\/en\/wp-json\/wp\/v2\/pages"}],"about":[{"href":"https:\/\/ensembleregards.com\/en\/wp-json\/wp\/v2\/types\/page"}],"author":[{"embeddable":true,"href":"https:\/\/ensembleregards.com\/en\/wp-json\/wp\/v2\/users\/5"}],"replies":[{"embeddable":true,"href":"https:\/\/ensembleregards.com\/en\/wp-json\/wp\/v2\/comments?post=96"}],"version-history":[{"count":3,"href":"https:\/\/ensembleregards.com\/en\/wp-json\/wp\/v2\/pages\/96\/revisions"}],"predecessor-version":[{"id":428,"href":"https:\/\/ensembleregards.com\/en\/wp-json\/wp\/v2\/pages\/96\/revisions\/428"}],"up":[{"embeddable":true,"href":"https:\/\/ensembleregards.com\/en\/wp-json\/wp\/v2\/pages\/34"}],"wp:attachment":[{"href":"https:\/\/ensembleregards.com\/en\/wp-json\/wp\/v2\/media?parent=96"}],"curies":[{"name":"wp","href":"https:\/\/api.w.org\/{rel}","templated":true}]}}