{"id":99,"date":"2014-09-10T16:29:04","date_gmt":"2014-09-10T16:29:04","guid":{"rendered":"http:\/\/ensembleregards.com\/en\/?page_id=99"},"modified":"2014-11-24T14:02:33","modified_gmt":"2014-11-24T14:02:33","slug":"florentin-ginot","status":"publish","type":"page","link":"https:\/\/ensembleregards.com\/en\/ensemble\/musicians\/florentin-ginot\/","title":{"rendered":"Florentin Ginot"},"content":{"rendered":"<p><a href=\"https:\/\/ensembleregards.com\/wp-content\/uploads\/2014\/09\/Florentin_Ginot.jpg\"><img loading=\"lazy\" class=\"size-medium wp-image-100 alignleft\" src=\"https:\/\/ensembleregards.com\/wp-content\/uploads\/2014\/09\/Florentin_Ginot-200x300.jpg\" alt=\"Florentin Ginot\" width=\"200\" height=\"300\" srcset=\"https:\/\/ensembleregards.com\/wp-content\/uploads\/2014\/09\/Florentin_Ginot-200x300.jpg 200w, https:\/\/ensembleregards.com\/wp-content\/uploads\/2014\/09\/Florentin_Ginot-682x1024.jpg 682w, https:\/\/ensembleregards.com\/wp-content\/uploads\/2014\/09\/Florentin_Ginot-333x500.jpg 333w, https:\/\/ensembleregards.com\/wp-content\/uploads\/2014\/09\/Florentin_Ginot-900x1350.jpg 900w\" sizes=\"(max-width: 200px) 100vw, 200px\" \/><\/a><\/p>\n<p>Il obtient en 2012 son DNSPM au P\u00f4le Sup\u00e9rieur Seine-Saint-Denis dans la classe de Jean-Christophe Deleforge, o\u00f9 il pratique par ailleurs la musique ancienne \u00e0 travers le violone. Il poursuit actuellement un cursus de master d\u2019interpr\u00e8te au CNSM de Paris dans la classe de Jean-Paul Celea. Il a pu travailler avec des personnalit\u00e9s comme Kaija Saariaho, Jo\u00eblle L\u00e9andre ou Fr\u00e9d\u00e9ric Stochl. La bourse de l\u2019Association des amis du Royaume de la Musique et de la fondation Raynaud-Zurfluh lui ont \u00e9t\u00e9 attribu\u00e9es en 2009.<\/p>\n<p>Son parcours l\u2019a amen\u00e9 \u00e0 se produire en soliste avec Martin Matalon dans sa Trame XI pour contrebasse et ensemble et dans plusieurs concertos pour contrebasse et orchestre. Il joue r\u00e9guli\u00e8rement avec l\u2019Ensemble Modern (Francfort), l\u2019Itin\u00e9raire et l\u2019ensemble Aleph, et lors de plusieurs concerts avec l\u2019IRCAM, la Muse en Circuit et l\u2019Ensemble Intercontemporain. En musique de chambre il se produit avec l\u2019Ensemble Nigella, la compagnie de danse d\u2019Alban Richard ou encore le pianiste Paolo Rigutto en r\u00e9pertoire romantique et moderne.<\/p>\n<p>Il enseigne depuis septembre 2013 au CRR d\u2019Aubervilliers-La Courneuve.<\/p>\n<p>Il diversifie aujourd\u2019hui ses exp\u00e9riences autour de la cr\u00e9ation contemporaine, \u00e0 travers l\u2019improvisation et la collaboration avec les compositeurs actuels : Helmut Lachenmann, Martin Matalon, Kaija Saariaho, Aur\u00e9lio Edler-Copes\u2026 ainsi qu\u2019avec d\u2019autres arts tels que la danse, le th\u00e9\u00e2tre et le cirque contemporain en menant des projets de cr\u00e9ation transversaux. Depuis 2012 il se produit en duo avec la pianiste Michelle Agn\u00e8s, et joue en solo et en duo en Italie, Autriche, Espagne, Royaume-Uni et Allemagne.<\/p>\n<p>Il est soutenu dans ses projets par le M\u00e9c\u00e9nat Musical Soci\u00e9t\u00e9 G\u00e9n\u00e9rale et enregistrera en 2014 un CD dans la collection \u00ab Jeunes Solistes \u00bb de la Fondation Meyer.<\/p>\n<p><a title=\"http:\/\/www.florentinginot.com\" href=\"http:\/\/www.florentinginot.com\" target=\"_blank\">http:\/\/www.florentinginot.com<\/a><\/p>","protected":false},"excerpt":{"rendered":"<p>Il obtient en 2012 son DNSPM au P\u00f4le Sup\u00e9rieur Seine-Saint-Denis dans la classe de Jean-Christophe Deleforge, o\u00f9 il pratique par ailleurs la musique ancienne \u00e0 travers le violone. Il poursuit actuellement un cursus de master d\u2019interpr\u00e8te au CNSM de Paris dans la classe de Jean-Paul Celea. Il a pu travailler avec des personnalit\u00e9s comme Kaija<\/p>\n<div><a class=\"btn-filled btn\" href=\"https:\/\/ensembleregards.com\/en\/ensemble\/musicians\/florentin-ginot\/\" title=\"Florentin Ginot\">Read More<\/a><\/div>\n","protected":false},"author":5,"featured_media":0,"parent":34,"menu_order":30,"comment_status":"closed","ping_status":"closed","template":"","meta":{"om_disable_all_campaigns":false,"_monsterinsights_skip_tracking":false,"_monsterinsights_sitenote_active":false,"_monsterinsights_sitenote_note":"","_monsterinsights_sitenote_category":0},"aioseo_notices":[],"_links":{"self":[{"href":"https:\/\/ensembleregards.com\/en\/wp-json\/wp\/v2\/pages\/99"}],"collection":[{"href":"https:\/\/ensembleregards.com\/en\/wp-json\/wp\/v2\/pages"}],"about":[{"href":"https:\/\/ensembleregards.com\/en\/wp-json\/wp\/v2\/types\/page"}],"author":[{"embeddable":true,"href":"https:\/\/ensembleregards.com\/en\/wp-json\/wp\/v2\/users\/5"}],"replies":[{"embeddable":true,"href":"https:\/\/ensembleregards.com\/en\/wp-json\/wp\/v2\/comments?post=99"}],"version-history":[{"count":4,"href":"https:\/\/ensembleregards.com\/en\/wp-json\/wp\/v2\/pages\/99\/revisions"}],"predecessor-version":[{"id":429,"href":"https:\/\/ensembleregards.com\/en\/wp-json\/wp\/v2\/pages\/99\/revisions\/429"}],"up":[{"embeddable":true,"href":"https:\/\/ensembleregards.com\/en\/wp-json\/wp\/v2\/pages\/34"}],"wp:attachment":[{"href":"https:\/\/ensembleregards.com\/en\/wp-json\/wp\/v2\/media?parent=99"}],"curies":[{"name":"wp","href":"https:\/\/api.w.org\/{rel}","templated":true}]}}